{"id":9444,"date":"2018-11-26T22:46:40","date_gmt":"2018-11-27T03:46:40","guid":{"rendered":"http:\/\/www.moelleepiniere.com\/?page_id=9444"},"modified":"2023-08-03T13:14:36","modified_gmt":"2023-08-03T18:14:36","slug":"temoignages-des-beneficiaires-de-notre-soutien-financier","status":"publish","type":"page","link":"https:\/\/www.moelleepiniere.com\/en\/temoignages-des-beneficiaires-de-notre-soutien-financier\/","title":{"rendered":"(Fran\u00e7ais) T\u00e9moignages des b\u00e9n\u00e9ficiaires de notre soutien financier"},"content":{"rendered":"<p class=\"qtranxs-available-languages-message qtranxs-available-languages-message-en\">Sorry, this entry is only available in <a href=\"https:\/\/www.moelleepiniere.com\/fr\/wp-json\/wp\/v2\/pages\/9444\" class=\"qtranxs-available-language-link qtranxs-available-language-link-fr\" title=\"Fran\u00e7ais\">French<\/a>.<\/p>","protected":false},"excerpt":{"rendered":"<p>Sorry, this entry is only available in French.<\/p>\n","protected":false},"author":7401,"featured_media":0,"parent":0,"menu_order":0,"comment_status":"closed","ping_status":"closed","template":"","meta":{"_monsterinsights_skip_tracking":false,"_monsterinsights_sitenote_active":false,"_monsterinsights_sitenote_note":"","_monsterinsights_sitenote_category":0},"_links":{"self":[{"href":"https:\/\/www.moelleepiniere.com\/en\/wp-json\/wp\/v2\/pages\/9444"}],"collection":[{"href":"https:\/\/www.moelleepiniere.com\/en\/wp-json\/wp\/v2\/pages"}],"about":[{"href":"https:\/\/www.moelleepiniere.com\/en\/wp-json\/wp\/v2\/types\/page"}],"author":[{"embeddable":true,"href":"https:\/\/www.moelleepiniere.com\/en\/wp-json\/wp\/v2\/users\/7401"}],"replies":[{"embeddable":true,"href":"https:\/\/www.moelleepiniere.com\/en\/wp-json\/wp\/v2\/comments?post=9444"}],"version-history":[{"count":41,"href":"https:\/\/www.moelleepiniere.com\/en\/wp-json\/wp\/v2\/pages\/9444\/revisions"}],"predecessor-version":[{"id":15342,"href":"https:\/\/www.moelleepiniere.com\/en\/wp-json\/wp\/v2\/pages\/9444\/revisions\/15342"}],"wp:attachment":[{"href":"https:\/\/www.moelleepiniere.com\/en\/wp-json\/wp\/v2\/media?parent=9444"}],"curies":[{"name":"wp","href":"https:\/\/api.w.org\/{rel}","templated":true}]}}