{"id":9415,"date":"2018-11-26T21:22:01","date_gmt":"2018-11-27T02:22:01","guid":{"rendered":"http:\/\/www.moelleepiniere.com\/?page_id=9415"},"modified":"2023-12-13T13:26:12","modified_gmt":"2023-12-13T18:26:12","slug":"campagne-de-financement-2018-2019","status":"publish","type":"page","link":"https:\/\/www.moelleepiniere.com\/en\/campagne-de-financement-2018-2019\/","title":{"rendered":"(Fran\u00e7ais) Campagne de financement 2023-2024"},"content":{"rendered":"\n<p><\/p>\n\n\n<p><strong>Montr\u00e9al, le 16 novembre 2023<\/strong>\u00a0\u2013\u00a0<a>La Fondation Moelle \u00e9pini\u00e8re et motricit\u00e9 Qu\u00e9bec (M\u00c9MO-Qc)\u00a0<\/a>lance officiellement aujourd\u2019hui sa campagne de financement 2023-2024 afin d\u2019amasser des fonds pour d\u00e9ployer ses actions au b\u00e9n\u00e9fice des personnes vivant avec des limitations motrices.<\/p>\n<p>\u00c0 la barre de cette campagne, nous sommes fiers d\u2019avoir comme porte-parole\u00a0: monsieur Mathieu Lamarche, pr\u00e9sident-fondateur du Groupe GDI. Monsieur Lamarche, entrepreneur t\u00e9trapl\u00e9gique invite toute la population \u00e0 travers la province \u00e0 g\u00e9n\u00e9rer un \u00e9lan de solidarit\u00e9 autour de cette campagne en faisant un don eux-m\u00eames et d\u2019autre part \u00e0 encourager leurs amis et leur famille \u00e0 faire la m\u00eame chose.<\/p>\n<p>\u00ab\u00a0Devenu t\u00e9trapl\u00e9gique \u00e0 la suite d\u2019un accident de moto en 2002, j\u2019ai r\u00e9alis\u00e9 l\u2019importance d\u2019avoir du soutien pour miser sur mes forces et sur ce que je pouvais encore faire \u00e0 la suite de cet \u00e9v\u00e9nement qui a fait basculer ma vie. Ce soutien m\u2019a aid\u00e9 \u00e0 me retrousser les manches pour entreprendre et r\u00e9ussir ma carri\u00e8re d\u2019entrepreneur. Aujourd\u2019hui, dans mon r\u00f4le de porte-parole, je fais appel non seulement \u00e0 votre g\u00e9n\u00e9rosit\u00e9, mais aussi \u00e0 votre solidarit\u00e9 pour permettre \u00e0 la Fondation M\u00c9MO-Qc d\u2019aider encore plus de personnes en situation de handicap \u00e0 s\u2019\u00e9panouir, \u00e0 r\u00e9inventer leur autonomie et \u00e0 r\u00e9aliser leurs projets de vie pour devenir des citoyennes et des citoyens \u00e0 part enti\u00e8re.\u00a0\u00bb, a expliqu\u00e9 monsieur Lamarche<\/p>\n<p><strong>La campagne a un objectif financier de 100\u2009000\u00a0$.<\/strong><\/p>\n<p>Tous les dons amass\u00e9s serviront \u00e0\u00a0:<\/p>\n<ul>\n<li>Aider financi\u00e8rement des personnes ayant un handicap \u00e0 combler un besoin important (adaptation de domicile ou de v\u00e9hicule, achat d\u2019\u00e9quipement sp\u00e9cialis\u00e9, formation professionnelle, etc.)<\/li>\n<li>Soutenir des projets de M\u00c9MO-Qc b\u00e9n\u00e9fiques \u00e0 la population en situation de handicap (accompagnement individuel sp\u00e9cial, d\u00e9ploiement de nos conseillers pairs b\u00e9n\u00e9voles, \u00e9tendue des services en r\u00e9gion et autres).<\/li>\n<\/ul>\n<p>Pour plus d\u2019information sur cet \u00e9v\u00e8nement, visitez\u00a0<a href=\"http:\/\/www.fondationmoelleepiniere.com\/\">www.fondationmoelleepiniere.com<\/a>\u00a0et visionnez la vid\u00e9o du porte-parole.<\/p>\n<p>La Fondation invite tous les gens ayant \u00e0 c\u0153ur le mieux-\u00eatre des personnes en situation de handicap \u00e0 se joindre \u00e0 eux afin de cr\u00e9er un mouvement de solidarit\u00e9 pour l\u2019aider \u00e0 aller plus loin dans ses actions au b\u00e9n\u00e9fice de cette client\u00e8le.\u00a0<strong>Pour faire un don, rendez-vous sur\u00a0<\/strong><a href=\"http:\/\/www.fondationmoelleepiniere.com\/\">www.fondationmoelleepiniere.com<\/a><\/p>\n<p><strong>\u00c0 propos de la Fondation M\u00c9MO-Qc<\/strong><\/p>\n<p>La Fondation Moelle \u00e9pini\u00e8re et motricit\u00e9 Qu\u00e9bec a pour mission de soutenir l\u2019autonomie, d\u2019am\u00e9liorer la sant\u00e9 et la qualit\u00e9 de vie des personnes vivant avec des limitations motrices ainsi que de faciliter leur int\u00e9gration sociale et professionnelle. De plus, elle contribue \u00e0 la pr\u00e9vention des blessures m\u00e9dullaires et appuie les efforts menant \u00e0 de meilleurs soins et \u00e0 la gu\u00e9rison de ces blessures.<\/p>\n<p>Source : Fondation moelle \u00e9pini\u00e8re et motricit\u00e9 Qu\u00e9bec<\/p>\n<p>(514) 341-7272<\/p>\n<p>fondation@moelleepiniere.com<\/p>\n\n\n<p><\/p>\n","protected":false},"excerpt":{"rendered":"<p>Montr\u00e9al, le 16 novembre 2023\u00a0\u2013\u00a0La Fondation Moelle \u00e9pini\u00e8re et motricit\u00e9 Qu\u00e9bec (M\u00c9MO-Qc)\u00a0lance officiellement aujourd\u2019hui sa campagne de financement 2023-2024 afin<\/p>\n","protected":false},"author":7401,"featured_media":0,"parent":0,"menu_order":0,"comment_status":"closed","ping_status":"closed","template":"","meta":{"_monsterinsights_skip_tracking":false,"_monsterinsights_sitenote_active":false,"_monsterinsights_sitenote_note":"","_monsterinsights_sitenote_category":0},"_links":{"self":[{"href":"https:\/\/www.moelleepiniere.com\/en\/wp-json\/wp\/v2\/pages\/9415"}],"collection":[{"href":"https:\/\/www.moelleepiniere.com\/en\/wp-json\/wp\/v2\/pages"}],"about":[{"href":"https:\/\/www.moelleepiniere.com\/en\/wp-json\/wp\/v2\/types\/page"}],"author":[{"embeddable":true,"href":"https:\/\/www.moelleepiniere.com\/en\/wp-json\/wp\/v2\/users\/7401"}],"replies":[{"embeddable":true,"href":"https:\/\/www.moelleepiniere.com\/en\/wp-json\/wp\/v2\/comments?post=9415"}],"version-history":[{"count":21,"href":"https:\/\/www.moelleepiniere.com\/en\/wp-json\/wp\/v2\/pages\/9415\/revisions"}],"predecessor-version":[{"id":15969,"href":"https:\/\/www.moelleepiniere.com\/en\/wp-json\/wp\/v2\/pages\/9415\/revisions\/15969"}],"wp:attachment":[{"href":"https:\/\/www.moelleepiniere.com\/en\/wp-json\/wp\/v2\/media?parent=9415"}],"curies":[{"name":"wp","href":"https:\/\/api.w.org\/{rel}","templated":true}]}}