{"id":9271,"date":"2018-09-27T08:57:44","date_gmt":"2018-09-27T13:57:44","guid":{"rendered":"http:\/\/www.moelleepiniere.com\/?page_id=9271"},"modified":"2018-09-27T09:07:29","modified_gmt":"2018-09-27T14:07:29","slug":"dons-pour-le-defi-acces-sommet-2018","status":"publish","type":"page","link":"https:\/\/www.moelleepiniere.com\/en\/dons-pour-le-defi-acces-sommet-2018\/","title":{"rendered":"Donations for the D\u00e9fi Acc\u00e8s Sommet 2018"},"content":{"rendered":"<p><\/p>\n<div class=\"csRow\">\n<div class=\"csColumnGap\" style=\"margin: 0px; padding: 0px; float: left; width: 1.56%;\"><img style=\"border: none;\" src=\"http:\/\/www.moelleepiniere.com\/wp-content\/plugins\/advanced-wp-columns\/assets\/js\/plugins\/views\/img\/1x1-pixel.png\" \/><\/div>\n<div class=\"csColumn\" style=\"margin: 0px; padding: 0px; float: left; width: 47.7%;\" data-csstartpoint=\"15\" data-csendpoint=\"472.5\" data-cswidth=\"47.7%\" data-csid=\"8c7f4f65-d4d4-ce49-a4da-db1e182101f2\">Alain Mamane<br \/>\nAndr\u00e9 Dessureault<br \/>\nAndr\u00e9 L. Asselin<br \/>\nAndr\u00e9 Perron<br \/>\nAnne-Marie Malouin<br \/>\nAnnie Canuel<br \/>\nBenoit Bour\u00e9<br \/>\nBenoit Laforest<br \/>\nCarl Panet-Raymond<br \/>\nCaroline Ferland<br \/>\nCaroline Gu\u00e9rin<br \/>\nCatherine Samson<br \/>\nChristian C. Duchesne<br \/>\nChristian Giner<br \/>\nChristian Roy<br \/>\nClaude Delage<br \/>\nClaude Lachance<br \/>\nClaude Renaud<br \/>\nClaude Veilleux<br \/>\nDaniel Falaise<br \/>\nDany Charrette<br \/>\nDenise Santerre<br \/>\nDiane Jeanotte<br \/>\nDominique Guay<br \/>\nFany O&#8217;Bomsawin<br \/>\nFerrando Carlos<br \/>\nFrancine O&#8217;Bomsawin<br \/>\nFrancine Quevillon<br \/>\nFran\u00e7ois Marchand<br \/>\nFr\u00e9d\u00e9ric P\u00e9rodeau<br \/>\nFr\u00e9d\u00e9ric Simard<br \/>\nGaetan Desrosiers<br \/>\nGenevi\u00e8ve Filteau<br \/>\nGilles Dionne<br \/>\nGuylaine Beaulac<br \/>\nGuylaine Lauzon<br \/>\nHerv\u00e9 Legrand<br \/>\nHubert Graton<br \/>\nIsabelle Gosselin<br \/>\nIsabelle Pr\u00e9ville<br \/>\nJacques Gari\u00e9py<br \/>\nJacques Paquin<br \/>\nJacques Rousse<br \/>\nJean-Fran\u00e7ois Beauchamps<br \/>\nJean-Fran\u00e7ois Levasseur<br \/>\nJean-Pierre Malo<br \/>\nJ\u00e9r\u00f4me St-Gelais<br \/>\nJocelyn Beaulac<br \/>\nJoel-Christian St-Pierre<br \/>\nJos\u00e9e Thauvette<br \/>\nJovette Gagnon<br \/>\nJulie Cuddihy<br \/>\nJulie Fontaine<br \/>\nJulie Halde<br \/>\nJulie Veilleux<br \/>\nKarin Jonsson<br \/>\nKim O&#8217;Bomsawin<br \/>\nLam Jutras<br \/>\nLara Quevillon Mantba<br \/>\nLaura Cagelait<br \/>\nLilian Vigny<\/div>\n<div class=\"csColumnGap\" style=\"margin: 0px; padding: 0px; float: left; width: 1.56%;\"><img style=\"border: none;\" src=\"http:\/\/www.moelleepiniere.com\/wp-content\/plugins\/advanced-wp-columns\/assets\/js\/plugins\/views\/img\/1x1-pixel.png\" \/><\/div>\n<div class=\"csColumn\" style=\"margin: 0px; padding: 0px; float: left; width: 47.7%;\" data-csstartpoint=\"487.5\" data-csendpoint=\"945\" data-cswidth=\"47.7%\" data-csid=\"f54daf62-7830-d1d0-b590-c4a85ba365f5\">Linda C\u00f4t\u00e9<br \/>\nLogistec<br \/>\nLouise Campeau<br \/>\nLouis-Pascal Cyr<br \/>\nLuc M\u00e9nard<br \/>\nManon Lacroix<br \/>\nManon Lessard<br \/>\nManuel Huger<br \/>\nMarc Arpin<br \/>\nMarie Rodrigue<br \/>\nMarie-Chantal Savoy<br \/>\nMarie-Claude Tessier<br \/>\nMartin Perreault<br \/>\nMartine Paradis<br \/>\nMathieu Filiatreault<br \/>\nMax-Henri Bailly<br \/>\nM\u00e9lanie Renaud<br \/>\nMichel Gervais<br \/>\nMyl\u00e8ne Dauphin<br \/>\nMyriam Brixi<br \/>\nMyriam Quevillon<br \/>\nNadia Trudel<br \/>\nNatahlie Michaud<br \/>\nNathalie Martineau<br \/>\nNicole Quevillon<br \/>\nNorman Desjardins<br \/>\nPascal Beauchemin<br \/>\nPascal Richer<br \/>\nPascale Berthiaume<br \/>\nPascale O&#8217;Bomsawin<br \/>\nPatrice St-Onge<br \/>\nPatrick Doyon<br \/>\nPatrick Ouellet<br \/>\nPierre Myrand<br \/>\nPierre Turcotte<br \/>\nPierrette Qu\u00e9villon<br \/>\nPierre-Yves Jett\u00e9<br \/>\nRaynald Riverin<br \/>\nRenaud Lebuis<br \/>\nRen\u00e9 Beaulac<br \/>\nRichard Lacas<br \/>\nRita Hanitramalala<br \/>\nRodney Carrignan<br \/>\nRolland L\u00e9ger<br \/>\nSamuel Harvey<br \/>\nS\u00e9bastien Guenette<br \/>\nSimon Benoit<br \/>\nSimon Gadbois<br \/>\nSonia Verdy<br \/>\nSt\u00e9phane Cournoyer<br \/>\nStephen Chouinard<br \/>\nSuzanne Chartrand<br \/>\nSylvain Audet<br \/>\nSylvain Fontaine<br \/>\nSylvain Morin<br \/>\nTh\u00e9r\u00e8se Carron<br \/>\nV\u00e9ronique Caty<br \/>\nVincent Compagnat<br \/>\nWalter Zelaya<br \/>\nYannick Gosselin<br \/>\nYannick Tourigy<\/div>\n<div class=\"csColumnGap\" style=\"margin: 0px; padding: 0px; float: left; width: 1.56%;\"><img style=\"border: none;\" src=\"http:\/\/www.moelleepiniere.com\/wp-content\/plugins\/advanced-wp-columns\/assets\/js\/plugins\/views\/img\/1x1-pixel.png\" \/><\/div>\n<div style=\"clear: both; float: none; display: block; visibility: hidden; width: 0px; font-size: 0px; line-height: 0;\"><\/div>\n<\/div>\n<p><\/p>","protected":false},"excerpt":{"rendered":"<p>Alain Mamane Andr\u00e9 Dessureault Andr\u00e9 L. Asselin Andr\u00e9 Perron Anne-Marie Malouin Annie Canuel Benoit Bour\u00e9 Benoit Laforest Carl Panet-Raymond Caroline<\/p>\n","protected":false},"author":7401,"featured_media":0,"parent":0,"menu_order":0,"comment_status":"closed","ping_status":"closed","template":"","meta":{"_monsterinsights_skip_tracking":false,"_monsterinsights_sitenote_active":false,"_monsterinsights_sitenote_note":"","_monsterinsights_sitenote_category":0},"_links":{"self":[{"href":"https:\/\/www.moelleepiniere.com\/en\/wp-json\/wp\/v2\/pages\/9271"}],"collection":[{"href":"https:\/\/www.moelleepiniere.com\/en\/wp-json\/wp\/v2\/pages"}],"about":[{"href":"https:\/\/www.moelleepiniere.com\/en\/wp-json\/wp\/v2\/types\/page"}],"author":[{"embeddable":true,"href":"https:\/\/www.moelleepiniere.com\/en\/wp-json\/wp\/v2\/users\/7401"}],"replies":[{"embeddable":true,"href":"https:\/\/www.moelleepiniere.com\/en\/wp-json\/wp\/v2\/comments?post=9271"}],"version-history":[{"count":4,"href":"https:\/\/www.moelleepiniere.com\/en\/wp-json\/wp\/v2\/pages\/9271\/revisions"}],"predecessor-version":[{"id":9277,"href":"https:\/\/www.moelleepiniere.com\/en\/wp-json\/wp\/v2\/pages\/9271\/revisions\/9277"}],"wp:attachment":[{"href":"https:\/\/www.moelleepiniere.com\/en\/wp-json\/wp\/v2\/media?parent=9271"}],"curies":[{"name":"wp","href":"https:\/\/api.w.org\/{rel}","templated":true}]}}