{"id":9,"date":"2011-02-23T11:26:13","date_gmt":"2011-02-23T16:26:13","guid":{"rendered":"http:\/\/www.paraquad.qc.ca\/memoqc\/?p=1567"},"modified":"2026-05-01T06:57:15","modified_gmt":"2026-05-01T11:57:15","slug":"blog","status":"publish","type":"page","link":"https:\/\/www.moelleepiniere.com\/en\/blog\/","title":{"rendered":"News"},"content":{"rendered":"\n<p><strong>Nouvelle coordonnatrice Comit\u00e9 Consultatif Personnes Handicap\u00e9es | Bureau de Montr\u00e9al<\/strong><\/p>\n\n\n\n<p><strong>Bienvenue \u00e0 Elena Waldispuehl !<\/strong><\/p>\n\n\n\n<figure class=\"wp-block-image size-large is-resized\"><img loading=\"lazy\" src=\"https:\/\/www.moelleepiniere.com\/wp-content\/uploads\/2026\/04\/Photo_infolettre_Elena-500x428.jpg\" alt=\"\" class=\"wp-image-19368\" width=\"292\" height=\"250\" srcset=\"https:\/\/www.moelleepiniere.com\/wp-content\/uploads\/2026\/04\/Photo_infolettre_Elena-500x428.jpg 500w, https:\/\/www.moelleepiniere.com\/wp-content\/uploads\/2026\/04\/Photo_infolettre_Elena-175x150.jpg 175w, https:\/\/www.moelleepiniere.com\/wp-content\/uploads\/2026\/04\/Photo_infolettre_Elena-768x657.jpg 768w, https:\/\/www.moelleepiniere.com\/wp-content\/uploads\/2026\/04\/Photo_infolettre_Elena.jpg 1402w\" sizes=\"(max-width: 292px) 100vw, 292px\" \/><\/figure>\n\n\n<p>\u00ab Elena Waldispuehl, d\u00e9tentrice d&#8217;un Ph. D. en science politique de l\u2019Universit\u00e9 de Montr\u00e9al, a publi\u00e9 <a>diff\u00e9rents travaux<\/a> dans les champs des mouvements sociaux, des genres et des sexualit\u00e9s, et de la sociologie du num\u00e9rique.<\/p>\n<p>Elle s\u2019est notamment sp\u00e9cialis\u00e9e sur les enjeux de (cyber)s\u00e9curit\u00e9 des activistes et de l\u2019\u00e9thique de la recherche, et plus particuli\u00e8rement ce qui concerne les donn\u00e9es sensibles et identifiables dans des contextes num\u00e9riques haineux, hostiles et violents. En parall\u00e8le de son stage postdoctoral au LabCMO et au R\u00e9QEF, Elena a travaill\u00e9 aupr\u00e8s du CC45+ en tant que soutien \u00e0 la coordination et \u00e0 la recherche o\u00f9 elle a d\u00e9velopp\u00e9 son expertise quant aux enjeux d\u2019int\u00e9gration et de maintien en emploi des groupes sous-repr\u00e9sent\u00e9s entre 2023 et 2026.<\/p>\n<p>Elena a \u00e9t\u00e9 activement impliqu\u00e9e dans le mouvement \u00e9tudiant o\u00f9 elle a notamment collabor\u00e9 \u00e0 des dossiers concernant les enjeux de sant\u00e9 mentale et les violences sexuelles et sexistes. Elle a aussi \u00e9t\u00e9 intervenante t\u00e9l\u00e9phonique pour Suicide Action Montr\u00e9al (SAM) pendant la pand\u00e9mie de COVID-19.<\/p>\n<p>Ses pratiques de leadership tout comme son engagement social et politique ont \u00e9t\u00e9 reconnus par plusieurs distinctions comme le fait d\u2019\u00eatre finaliste au prix <i>Personnalit\u00e9 2<sup>e<\/sup> et 3<sup>e<\/sup> cycle<\/i> du concours Forces Avenir (2015). Elle a aussi obtenu des bourses de recherche doctorale du Canada-Vanier (2016) et de la Fondation Trudeau (2017).<\/p>\n<p>Ancienne \u00e9tudiante-athl\u00e8te du Vert et Or de l\u2019Universit\u00e9 de Sherbrooke et entra\u00eeneuse certifi\u00e9e (Dipl\u00f4me B CONCACAF), Elena est la premi\u00e8re adjointe ainsi que la responsable des gardiennes de but du programme f\u00e9minin de soccer des Nomades du Coll\u00e8ge Montmorency qui a remport\u00e9 son premier championnat canadien en 2024.\u00a0\u00bb<\/p>\n<p>\u00a0<\/p>\n\n\n<p><strong>Nouvelle organisatrice communautaire pour les r\u00e9gions de Qu\u00e9bec et de l\u2019Est du Qu\u00e9bec\u202f! | Bureau de Qu\u00e9bec<\/strong><\/p>\n\n\n\n<p><strong>Bienvenue \u00e0 \u00c8ve-Lee Bernier Bounmy !<\/strong><\/p>\n\n\n\n<figure class=\"wp-block-image size-large is-resized\"><img loading=\"lazy\" src=\"https:\/\/www.moelleepiniere.com\/wp-content\/uploads\/2026\/04\/photoeveleeinfolettre-375x500.jpg\" alt=\"\" class=\"wp-image-19364\" width=\"217\" height=\"289\" srcset=\"https:\/\/www.moelleepiniere.com\/wp-content\/uploads\/2026\/04\/photoeveleeinfolettre-375x500.jpg 375w, https:\/\/www.moelleepiniere.com\/wp-content\/uploads\/2026\/04\/photoeveleeinfolettre-113x150.jpg 113w, https:\/\/www.moelleepiniere.com\/wp-content\/uploads\/2026\/04\/photoeveleeinfolettre-768x1024.jpg 768w, https:\/\/www.moelleepiniere.com\/wp-content\/uploads\/2026\/04\/photoeveleeinfolettre.jpg 900w\" sizes=\"(max-width: 217px) 100vw, 217px\" \/><\/figure>\n\n\n<p>\u00ab&nbsp;\u00c0 la suite de mon stage en travail social, r\u00e9alis\u00e9 de septembre 2025 \u00e0 avril 2026, je suis tr\u00e8s heureuse de me joindre officiellement \u00e0 l\u2019\u00e9quipe de M\u00c9MO-Qc en tant qu\u2019organisatrice communautaire pour les r\u00e9gions de Qu\u00e9bec et de l\u2019Est du Qu\u00e9bec\u202f!<br \/>Durant mon stage, j\u2019ai eu l\u2019occasion d\u2019intervenir aupr\u00e8s de plusieurs membres, d\u2019organiser une consultation en d\u00e9fense de droits, d\u2019organiser des activit\u00e9s favorisant l\u2019int\u00e9gration sociale, d\u2019accompagner des membres dans la d\u00e9fense de leurs droits, de r\u00e9aliser des sondages t\u00e9l\u00e9phoniques pour le volet recherche, de repr\u00e9senter M\u00c9MO-Qc lors de colloques, de r\u00e9diger des articles pour le Paraquad et l\u2019infolettre ainsi que de rencontrer divers partenaires.<br \/>La vari\u00e9t\u00e9 de ces mandats m\u2019a permis d\u2019approfondir mes connaissances sur la r\u00e9alit\u00e9 des personnes en situation de handicap, plus particuli\u00e8rement des personnes l\u00e9s\u00e9es m\u00e9dullaires, et de mieux comprendre les diff\u00e9rents enjeux qui les concernent.<br \/>Mon nouveau poste me permettra de poursuivre ce travail de terrain en organisant des activit\u00e9s collectives pour favoriser l\u2019int\u00e9gration sociale de nos membres, de collaborer activement \u00e0 l\u2019organisation et \u00e0 la coordination d\u2019activit\u00e9s et de projets d\u2019envergure de M\u00c9MO-Qc, de soutenir le service de d\u00e9fense des droits, de soutenir le service d\u2019aide \u00e0 la recherche et plus encore !<br \/>Par ailleurs, mes exp\u00e9riences professionnelles, notamment \u00e0 titre d\u2019adjointe administrative, m\u2019ont permis de d\u00e9velopper des comp\u00e9tences en soutien, en \u00e9coute, en communication et en organisation. Elles ont \u00e9galement renforc\u00e9 ma capacit\u00e9 \u00e0 interagir avec diverses client\u00e8les, \u00e0 offrir un accompagnement adapt\u00e9 \u00e0 leurs besoins et \u00e0 travailler activement en \u00e9quipe.<br \/>Ce qui me motive particuli\u00e8rement, c\u2019est de pouvoir m\u2019engager concr\u00e8tement pour plus d\u2019inclusion sociale, de justice sociale et d\u2019accessibilit\u00e9, en mettant de l\u2019avant la voix et l\u2019expertise de nos membres.<br \/>Je suis enthousiaste \u00e0 l\u2019id\u00e9e de poursuivre cette aventure avec M\u00c9MO-Qc et de continuer \u00e0 d\u00e9velopper mes comp\u00e9tences professionnelles dans ce nouveau r\u00f4le !&nbsp;\u00bb<\/p>\n\n\n<p><a href=\"https:\/\/www.noovo.info\/nouvelle\/deces-de-normand-meunier-sa-conjointe-sest-sentie-ignoree-par-le-personnel-medical.html\">https:\/\/www.noovo.info\/nouvelle\/deces-de-normand-meunier-sa-conjointe-sest-sentie-ignoree-par-le-personnel-medical.html<\/a><\/p>\n\n\n\n<div class=\"wp-block-file\"><object class=\"wp-block-file__embed\" data=\"https:\/\/www.moelleepiniere.com\/wp-content\/uploads\/2025\/09\/Des-personnes-invalides-qui-veulent-recuperer-des-prestations-de-retraite-coupees-par-Quebec-soumettent-une-offre-de-reglement-a-lamiable-au-gouvernement-_-Le-Devoir.pdf\" type=\"application\/pdf\" style=\"width:100%;height:600px\" aria-label=\"Contenu embarqu\u00e9 Des personnes invalides qui veulent r\u00e9cup\u00e9rer des prestations de retraite coup\u00e9es par Qu\u00e9bec soumettent une offre de r\u00e8glement \u00e0 l\u2019amiable au gouvernement _ Le Devoir.\"><\/object><a href=\"https:\/\/www.moelleepiniere.com\/wp-content\/uploads\/2025\/09\/Des-personnes-invalides-qui-veulent-recuperer-des-prestations-de-retraite-coupees-par-Quebec-soumettent-une-offre-de-reglement-a-lamiable-au-gouvernement-_-Le-Devoir.pdf\">Des personnes invalides qui veulent r\u00e9cup\u00e9rer des prestations de retraite coup\u00e9es par Qu\u00e9bec soumettent une offre de r\u00e8glement \u00e0 l\u2019amiable au gouvernement _ Le Devoir<\/a><a href=\"https:\/\/www.moelleepiniere.com\/wp-content\/uploads\/2025\/09\/Des-personnes-invalides-qui-veulent-recuperer-des-prestations-de-retraite-coupees-par-Quebec-soumettent-une-offre-de-reglement-a-lamiable-au-gouvernement-_-Le-Devoir.pdf\" class=\"wp-block-file__button\" download>T\u00e9l\u00e9charger<\/a><\/div>\n\n\n\n<p><a href=\"https:\/\/www.lapresse.ca\/actualites\/2025-05-15\/mort-de-normand-meunier\/sa-conjointe-s-est-sentie-ignoree-par-le-personnel-medical.php\">https:\/\/www.lapresse.ca\/actualites\/2025-05-15\/mort-de-normand-meunier\/sa-conjointe-s-est-sentie-ignoree-par-le-personnel-medical.php<\/a><\/p>\n\n\n\n<p><a href=\"https:\/\/www.cbc.ca\/news\/canada\/montreal\/normand-meunier-bedsore-coroner-inquiry-1.7536360\">https:\/\/www.cbc.ca\/news\/canada\/montreal\/normand-meunier-bedsore-coroner-inquiry-1.7536360<\/a><\/p>\n","protected":false},"excerpt":{"rendered":"<p>Nouvelle coordonnatrice Comit\u00e9 Consultatif Personnes Handicap\u00e9es | Bureau de Montr\u00e9al Bienvenue \u00e0 Elena Waldispuehl ! \u00ab Elena Waldispuehl, d\u00e9tentrice d&#8217;un<\/p>\n","protected":false},"author":1,"featured_media":0,"parent":0,"menu_order":0,"comment_status":"closed","ping_status":"closed","template":"","meta":{"_monsterinsights_skip_tracking":false,"_monsterinsights_sitenote_active":false,"_monsterinsights_sitenote_note":"","_monsterinsights_sitenote_category":0},"_links":{"self":[{"href":"https:\/\/www.moelleepiniere.com\/en\/wp-json\/wp\/v2\/pages\/9"}],"collection":[{"href":"https:\/\/www.moelleepiniere.com\/en\/wp-json\/wp\/v2\/pages"}],"about":[{"href":"https:\/\/www.moelleepiniere.com\/en\/wp-json\/wp\/v2\/types\/page"}],"author":[{"embeddable":true,"href":"https:\/\/www.moelleepiniere.com\/en\/wp-json\/wp\/v2\/users\/1"}],"replies":[{"embeddable":true,"href":"https:\/\/www.moelleepiniere.com\/en\/wp-json\/wp\/v2\/comments?post=9"}],"version-history":[{"count":29,"href":"https:\/\/www.moelleepiniere.com\/en\/wp-json\/wp\/v2\/pages\/9\/revisions"}],"predecessor-version":[{"id":19406,"href":"https:\/\/www.moelleepiniere.com\/en\/wp-json\/wp\/v2\/pages\/9\/revisions\/19406"}],"wp:attachment":[{"href":"https:\/\/www.moelleepiniere.com\/en\/wp-json\/wp\/v2\/media?parent=9"}],"curies":[{"name":"wp","href":"https:\/\/api.w.org\/{rel}","templated":true}]}}