{"id":8908,"date":"2018-02-07T12:03:56","date_gmt":"2018-02-07T17:03:56","guid":{"rendered":"http:\/\/www.moelleepiniere.com\/?page_id=8908"},"modified":"2018-09-27T08:26:21","modified_gmt":"2018-09-27T13:26:21","slug":"dons-pour-le-mouvement-mardi-je-donne","status":"publish","type":"page","link":"https:\/\/www.moelleepiniere.com\/en\/dons-pour-le-mouvement-mardi-je-donne\/","title":{"rendered":"Donation for the GivingTuesday movement"},"content":{"rendered":"<p>Alain C\u00f4t\u00e9<\/p>\n<p>Benoit Champagne<\/p>\n<p>Caroline Joly<\/p>\n<p>Christian Lamarre<\/p>\n<p>Christian S\u00e9guin<\/p>\n<p>Claire Gouger<\/p>\n<p>Gilbert Bastings<\/p>\n<p>Jazz Marketing Communications Inc.<\/p>\n<p>Jos\u00e9e Bilodeau<\/p>\n<p>Lorraine Poirier<\/p>\n<p>Marie-Blanche R\u00e9millard<\/p>\n<p>Martin Pr\u00e9vost<\/p>\n<p>Nathalie Bussi\u00e8re<\/p>\n<p>Pascale S\u00e9guin<\/p>\n<p>Ren\u00e9 Dallaire<\/p>\n<p>Rita Hanitramalala<\/p>\n<p>Ruth Messier<\/p>\n<p>Walter Zelaya<\/p>\n<p>Zone Sismique<\/p>\n","protected":false},"excerpt":{"rendered":"<p>Alain C\u00f4t\u00e9 Benoit Champagne Caroline Joly Christian Lamarre Christian S\u00e9guin Claire Gouger Gilbert Bastings Jazz Marketing Communications Inc. Jos\u00e9e Bilodeau<\/p>\n","protected":false},"author":7401,"featured_media":0,"parent":0,"menu_order":0,"comment_status":"closed","ping_status":"closed","template":"","meta":{"_monsterinsights_skip_tracking":false,"_monsterinsights_sitenote_active":false,"_monsterinsights_sitenote_note":"","_monsterinsights_sitenote_category":0},"_links":{"self":[{"href":"https:\/\/www.moelleepiniere.com\/en\/wp-json\/wp\/v2\/pages\/8908"}],"collection":[{"href":"https:\/\/www.moelleepiniere.com\/en\/wp-json\/wp\/v2\/pages"}],"about":[{"href":"https:\/\/www.moelleepiniere.com\/en\/wp-json\/wp\/v2\/types\/page"}],"author":[{"embeddable":true,"href":"https:\/\/www.moelleepiniere.com\/en\/wp-json\/wp\/v2\/users\/7401"}],"replies":[{"embeddable":true,"href":"https:\/\/www.moelleepiniere.com\/en\/wp-json\/wp\/v2\/comments?post=8908"}],"version-history":[{"count":7,"href":"https:\/\/www.moelleepiniere.com\/en\/wp-json\/wp\/v2\/pages\/8908\/revisions"}],"predecessor-version":[{"id":9259,"href":"https:\/\/www.moelleepiniere.com\/en\/wp-json\/wp\/v2\/pages\/8908\/revisions\/9259"}],"wp:attachment":[{"href":"https:\/\/www.moelleepiniere.com\/en\/wp-json\/wp\/v2\/media?parent=8908"}],"curies":[{"name":"wp","href":"https:\/\/api.w.org\/{rel}","templated":true}]}}