{"id":8684,"date":"2017-10-16T07:44:10","date_gmt":"2017-10-16T12:44:10","guid":{"rendered":"http:\/\/www.moelleepiniere.com\/?page_id=8684"},"modified":"2025-05-08T10:07:06","modified_gmt":"2025-05-08T15:07:06","slug":"memoires","status":"publish","type":"page","link":"https:\/\/www.moelleepiniere.com\/en\/memoires\/","title":{"rendered":"Briefs and letters"},"content":{"rendered":"<p>(2023) <a href=\"https:\/\/www.moelleepiniere.com\/wp-content\/uploads\/2023\/09\/23-08-30-MEMO-Qc-Recommandations-au-PL15.pdf\">PL-15 M\u00c9MO-Qc Recommandations au l\u00e9gislateur<\/a><\/p>\n<p><a href=\"https:\/\/www.moelleepiniere.com\/wp-content\/uploads\/2023\/06\/PL-15-MEMO-Qc-questionne-et-se-positionne-002.pdf\">PL-15 M\u00c9MO-Qc questionne et se positionne<\/a> Document produced at the request of the ministerial cabinets of Health and Social services in addition to the brief &#8220;PL-15 M\u00c9MO-Qc questionne et se positionne&#8221;. It includes specific recommendations intended for the legistator in order to improve Bill<br \/>\nBrief submitted to the Committee on Health and Social Services, which held special consultations on bill 15, the Act to make health and social services more efficient.<\/p>\n<p>(2023)<a href=\"https:\/\/www.moelleepiniere.com\/wp-content\/uploads\/2023\/03\/2023_Memoire-MEMO-Qc-Traversees-Rue-de-Mtl.pdf\">Accessible and safe street crossings, everyone&#8217;s business!<\/a>\u00a0 (in French)\u00a0 \u00a0 \u00a0 \u00a0 \u00a0 \u00a0 \u00a0 \u00a0 \u00a0 \u00a0 \u00a0 \u00a0 \u00a0 \u00a0 \u00a0 \u00a0 \u00a0 \u00a0 \u00a0 \u00a0 \u00a0 \u00a0 \u00a0 \u00a0 \u00a0 \u00a0 \u00a0 \u00a0 \u00a0 \u00a0 \u00a0 \u00a0 \u00a0 \u00a0 \u00a0 Brief submitted for the Consultation publique &#8211; La travers\u00e9e des rues : mesures d&#8217;accessibilit\u00e9 universelle et mobilit\u00e9 active held by the Commission on transport and public works of the city of Montreal. We identify the accessibility issues experienced by our Montreal members and make recommendations.<\/p>\n<p>(2023) <em><a href=\"https:\/\/www.moelleepiniere.com\/wp-content\/uploads\/2023\/02\/Memoire_Consultations-publiques-RRQ-2023_CFP_V2.pdf\">R\u00e9gime des rentes du Qu\u00e9bec et personnes handicap\u00e9es : Quand retraite rime ENCORE avec discrimination <\/a><\/em>Amended brief submitted as part of the consultation &#8220;How can the Quebec Pension Plan (QPP) be adapted to the challenges of the 21st century?&#8221;.<\/p>\n<p>(2022) <a href=\"http:\/\/www.moelleepiniere.com\/wp-content\/uploads\/2022\/11\/Personnes-en-situation-de-handicap-et-stationnements-reserves-a-Gatineau-2.pdf\">Personnes en situation de handicap et stationnements r\u00e9serv\u00e9s \u00e0 Gatineau<\/a>\u00a0 \u00a0 \u00a0 \u00a0 \u00a0 \u00a0 \u00a0 \u00a0 \u00a0 \u00a0 \u00a0 \u00a0 \u00a0 \u00a0 \u00a0 \u00a0 \u00a0 \u00a0 \u00a0 \u00a0 \u00a0 \u00a0 \u00a0 \u00a0 \u00a0 \u00a0 \u00a0 Brief for the Commission sur le transport, le d\u00e9veloppement durable et la s\u00e9curit\u00e9 of Gatineau in support of demands of a MEMO-Qc&#8217;s member.<\/p>\n<p>(2020) <a href=\"http:\/\/www.moelleepiniere.com\/wp-content\/uploads\/2020\/02\/M%C3%A9moire_M%C3%89MO-Qc_Politique_h%C3%A9bergement.pdf\" target=\"_blank\" rel=\"noopener\"><em>M\u00e9moire sur la Politique d\u2019h\u00e9bergement et de soins de longue dur\u00e9e et son plan d\u2019action<\/em><\/a><br \/>\nBrief submitted as part of the consultation for the\u00a0<em>Long-Term Care and Accommodation Policy<\/em> and action plan.<\/p>\n<p>(2018) <a href=\"http:\/\/www.moelleepiniere.com\/wp-content\/uploads\/2018\/11\/M\u00e9moire-Consultation-AU-Ville-de-mtl.pdf\"><em>Recommandations pour am\u00e9liorer le Plan d&#8217;action 2019-2020 en accessibilit\u00e9 universelle de la Ville de Montr\u00e9al <\/em><\/a>Brief submitted as part of the consultation for the action plan 2019-2020 in universal accessibility by the City of Montreal.<\/p>\n<p>(2017) <em><a href=\"https:\/\/www.moelleepiniere.com\/wp-content\/uploads\/downloads\/2017\/10\/M%C3%A9moire-Vieillir-et-vivre-ensemble-MEMO.pdf\">Offrons aux personnes en situation de handicap les moyens de vieillir dignement<\/a><\/em>\u00a0 \u00a0 \u00a0 \u00a0 \u00a0 \u00a0 \u00a0 \u00a0 \u00a0 \u00a0 \u00a0 \u00a0 \u00a0 \u00a0 \u00a0 \u00a0 \u00a0 \u00a0 \u00a0 \u00a0 \u00a0 \u00a0 \u00a0 \u00a0Brief submitted as part of the consultation for the development of the 2018-2023 action plan of the &#8220;Aging and Living Together &#8211; At Home, in One&#8217;s Community, in Qu\u00e9bec&#8221; policy.<\/p>\n<p>(2017) <a href=\"https:\/\/www.moelleepiniere.com\/wp-content\/uploads\/downloads\/2017\/01\/Memoire-RI-abr%C3%A9g%C3%A9.pdf\"><em>R\u00e9gime des rentes du Qu\u00e9bec et personnes handicap\u00e9es : Quand retraite rime avec discrimination\u00a0<\/em><\/a><br \/>\nBrief submitted as part of the consultation &#8220;Strengthening the Plan to Promote Greater Intergenerational Fairness&#8221;.<\/p>\n<p><em><a href=\"https:\/\/www.moelleepiniere.com\/wp-content\/uploads\/downloads\/2017\/01\/M%C3%A9moire-RRQ-M%C3%89MO-Qc.pdf\">R\u00e9gime des rentes du Qu\u00e9bec et personnes handicap\u00e9es : Quand retraite rime avec discrimination<\/a>\u00a0<\/em>(in French)<br \/>\nBrief submitted as part of the consultation\u00a0&#8220;Strengthening the Plan to Promote Greater Intergenerational Fairness&#8221;<br \/>\n2017<\/p>","protected":false},"excerpt":{"rendered":"<p>(2023) PL-15 M\u00c9MO-Qc Recommandations au l\u00e9gislateur PL-15 M\u00c9MO-Qc questionne et se positionne Document produced at the request of the ministerial<\/p>\n","protected":false},"author":7401,"featured_media":0,"parent":0,"menu_order":0,"comment_status":"closed","ping_status":"closed","template":"","meta":{"_monsterinsights_skip_tracking":false,"_monsterinsights_sitenote_active":false,"_monsterinsights_sitenote_note":"","_monsterinsights_sitenote_category":0},"_links":{"self":[{"href":"https:\/\/www.moelleepiniere.com\/en\/wp-json\/wp\/v2\/pages\/8684"}],"collection":[{"href":"https:\/\/www.moelleepiniere.com\/en\/wp-json\/wp\/v2\/pages"}],"about":[{"href":"https:\/\/www.moelleepiniere.com\/en\/wp-json\/wp\/v2\/types\/page"}],"author":[{"embeddable":true,"href":"https:\/\/www.moelleepiniere.com\/en\/wp-json\/wp\/v2\/users\/7401"}],"replies":[{"embeddable":true,"href":"https:\/\/www.moelleepiniere.com\/en\/wp-json\/wp\/v2\/comments?post=8684"}],"version-history":[{"count":65,"href":"https:\/\/www.moelleepiniere.com\/en\/wp-json\/wp\/v2\/pages\/8684\/revisions"}],"predecessor-version":[{"id":18213,"href":"https:\/\/www.moelleepiniere.com\/en\/wp-json\/wp\/v2\/pages\/8684\/revisions\/18213"}],"wp:attachment":[{"href":"https:\/\/www.moelleepiniere.com\/en\/wp-json\/wp\/v2\/media?parent=8684"}],"curies":[{"name":"wp","href":"https:\/\/api.w.org\/{rel}","templated":true}]}}