{"id":7958,"date":"2017-03-13T14:42:52","date_gmt":"2017-03-13T19:42:52","guid":{"rendered":"http:\/\/www.moelleepiniere.com\/?page_id=7958"},"modified":"2024-08-30T15:47:38","modified_gmt":"2024-08-30T20:47:38","slug":"chronique-emploi-paraquad","status":"publish","type":"page","link":"https:\/\/www.moelleepiniere.com\/en\/our-services\/employability\/chronique-emploi-paraquad\/","title":{"rendered":"Column on employment in our Paraquad magazine"},"content":{"rendered":"<p><\/p>\n<p><img loading=\"lazy\" class=\"wp-image-12121 alignleft\" src=\"http:\/\/www.moelleepiniere.com\/wp-content\/uploads\/2021\/08\/PARAQUAD-154-emploi-143x150.png\" alt=\"\" width=\"218\" height=\"228\" srcset=\"https:\/\/www.moelleepiniere.com\/wp-content\/uploads\/2021\/08\/PARAQUAD-154-emploi-143x150.png 143w, https:\/\/www.moelleepiniere.com\/wp-content\/uploads\/2021\/08\/PARAQUAD-154-emploi-477x500.png 477w, https:\/\/www.moelleepiniere.com\/wp-content\/uploads\/2021\/08\/PARAQUAD-154-emploi-768x805.png 768w, https:\/\/www.moelleepiniere.com\/wp-content\/uploads\/2021\/08\/PARAQUAD-154-emploi.png 829w\" sizes=\"(max-width: 218px) 100vw, 218px\" \/>Since the spring of 2012, a column on employment is published in each edition of our <em>Paraquad<\/em> magazine. At this time, these articles appear in French only. An initiative of Melissa Levy, an Employment Counselor at MEMO-Qc, this column is written by both Melissa and Brigitte Filiatrault, another of our Employment Counselors.<\/p>\n<p>Purpose is to inform our members and clients on different aspects of employment. This column also has the goal of opening up a dialogue between the writers and clients, as it is always possible to suggest topics, share comments or reflections.<\/p>\n<p>Happy reading!<\/p>\n<p><span style=\"text-decoration: underline;\"><strong>List of articles (in French only)<\/strong><\/span><\/p>\n<p><a href=\"http:\/\/www.moelleepiniere.com\/wp-content\/uploads\/2021\/08\/Rubrique-emploi-paraquad-154.jpg\">Quelle place devriez-vous donner aux passions et aux loisirs sur votre curriculum vitae?<\/a> (n\u00b0 154, \u00e9t\u00e9 2021)<\/p>\n<p><a href=\"http:\/\/www.moelleepiniere.com\/wp-content\/uploads\/2020\/06\/Apr\u00e8s-la-pluie-vient-le-beau-temps.pdf\" target=\"_blank\" rel=\"noopener\">Apr\u00e8s la pluie vient le beau temps : Trouver un emploi en temps de confinement<\/a> (n\u00b0 150, \u00e9t\u00e9 2020)<\/p>\n<p><a href=\"http:\/\/www.moelleepiniere.com\/wp-content\/uploads\/2020\/06\/Et-si-on-se-r\u00e9inventait.pdf\" target=\"_blank\" rel=\"noopener\">Et si&#8230; on se r\u00e9inventait?<\/a> (n\u00b0 150, \u00e9t\u00e9 2020)<\/p>\n<p><a href=\"http:\/\/www.moelleepiniere.com\/wp-content\/uploads\/2020\/04\/Employabilit\u00e9-immigration.pdf\" target=\"_blank\" rel=\"noopener\">Recherche d&#8217;emploi : Quand le statut prime sur les services disponibles<\/a> (n\u00b0149, printemps 2020)<\/p>\n<p><a href=\"http:\/\/www.moelleepiniere.com\/wp-content\/uploads\/2020\/02\/Paraquad-148.pdf\" target=\"_blank\" rel=\"noopener\">Je veux un emploi&#8230; Tout de suite!<\/a> (n\u00b0 148, hiver 2020)<\/p>\n<p><a href=\"http:\/\/www.moelleepiniere.com\/wp-content\/uploads\/2019\/10\/Chronique-employabilit\u00e9.pdf\" target=\"_blank\" rel=\"noopener\">L&#8217;art de se relever<\/a> (n\u00b0 147, automne 2019)<\/p>\n<p><a href=\"http:\/\/www.moelleepiniere.com\/wp-content\/uploads\/2019\/08\/146.pdf\" target=\"_blank\" rel=\"noopener\">Les comp\u00e9tences g\u00e9n\u00e9riques<\/a> (n\u00b0 146, \u00e9t\u00e9 2019)<\/p>\n<p><a href=\"http:\/\/www.moelleepiniere.com\/wp-content\/uploads\/2019\/08\/145.pdf\" target=\"_blank\" rel=\"noopener\">Je suis capable<\/a> (n\u00b0 145, printemps 2019)<\/p>\n<p><a href=\"http:\/\/www.moelleepiniere.com\/wp-content\/uploads\/2019\/08\/Paraquad-144.pdf\" target=\"_blank\" rel=\"noopener\">Le handicap au travail : Une int\u00e9gration profitable<\/a> (num\u00e9ro consacr\u00e9 \u00e0 l&#8217;employabilit\u00e9) (n\u00b0 144, hiver 2019)<\/p>\n<p><a href=\"http:\/\/www.moelleepiniere.com\/wp-content\/uploads\/2019\/08\/143.pdf\" target=\"_blank\" rel=\"noopener\">Le bilan de comp\u00e9tences : un regard r\u00e9trospectif sur votre carri\u00e8re<\/a> (n\u00b0 143, automne 2018)<\/p>\n<p><a href=\"http:\/\/www.moelleepiniere.com\/wp-content\/uploads\/2019\/08\/142.pdf\" target=\"_blank\" rel=\"noopener\">La conciliation travail-famille<\/a> (n\u00b0 142, \u00e9t\u00e9 2018)<\/p>\n<p><a href=\"http:\/\/www.moelleepiniere.com\/wp-content\/uploads\/2019\/08\/141.pdf\" target=\"_blank\" rel=\"noopener\">Entrepreneuriat et handicap : L&#8217;art de pers\u00e9v\u00e9rer malgr\u00e9 les obstacles<\/a> (n\u00b0 141, printemps 2018)<\/p>\n<p><a href=\"http:\/\/www.moelleepiniere.com\/wp-content\/uploads\/2019\/08\/140.pdf\" target=\"_blank\" rel=\"noopener\">La discrimination \u00e0 l&#8217;embauche<\/a> (n\u00b0 140, hiver 2018)<\/p>\n<p><a href=\"http:\/\/www.moelleepiniere.com\/wp-content\/uploads\/2019\/08\/139.pdf\" target=\"_blank\" rel=\"noopener\">Le vieillissement<\/a> (n\u00b0 139, automne 2017)<\/p>\n<p><a href=\"http:\/\/www.moelleepiniere.com\/wp-content\/uploads\/2019\/08\/138-\u00e9t\u00e9-2017.pdf\">Conseiller en voyages, quand profession rime avec passion<\/a> (n\u00b0 138, \u00e9t\u00e9 2017)<\/p>\n<p><a href=\"https:\/\/www.moelleepiniere.com\/wp-content\/uploads\/downloads\/2017\/08\/Travail-en-cuisine-et-handicap.pdf\">Travail en cuisine et handicap<\/a>\u00a0(n\u00b0 137, printemps 2017)<\/p>\n<p><a href=\"https:\/\/www.moelleepiniere.com\/wp-content\/uploads\/downloads\/2017\/08\/Chercher-lamour-chercher-lemploi.pdf\">Chercher l&#8217;amour, chercher l&#8217;emploi<\/a>\u00a0(n\u00b0136, hiver 2017)<\/p>\n<p><a href=\"https:\/\/www.moelleepiniere.com\/wp-content\/uploads\/downloads\/2017\/08\/Des-arts-et-des-m%C3%A9tiers-pour-tous-les-go%C3%BBts.pdf\">Des arts et des m\u00e9tiers pour tous les go\u00fbts<\/a>\u00a0(n\u00b0135, automne 2016)<\/p>\n<p><a href=\"https:\/\/www.moelleepiniere.com\/wp-content\/uploads\/downloads\/2017\/03\/Question-de-societe.pdf\">Question de soci\u00e9t\u00e9<\/a>\u00a0(n\u00b0134, \u00e9t\u00e9 2016)<\/p>\n<p><a href=\"http:\/\/www.moelleepiniere.com\/wp-content\/uploads\/2019\/08\/133-printemps-2016.pdf\" target=\"_blank\" rel=\"noopener\">Les aides techniques en milieu de travail : Une entrevue avec Rose-Marie Wakil<\/a> (n\u00b0 133, printemps 2016)<\/p>\n<p><a href=\"http:\/\/www.moelleepiniere.com\/wp-content\/uploads\/2019\/08\/132-hiver-2016.pdf\" target=\"_blank\" rel=\"noopener\">Ayao Toutouvi Missodey : Bijoutier et joailler togolais<\/a> (n\u00b0 132, hiver 2016)<\/p>\n<p><\/p>","protected":false},"excerpt":{"rendered":"<p>Since the spring of 2012, a column on employment is published in each edition of our Paraquad magazine. At this<\/p>\n","protected":false},"author":6673,"featured_media":0,"parent":61,"menu_order":0,"comment_status":"closed","ping_status":"closed","template":"","meta":{"_monsterinsights_skip_tracking":false,"_monsterinsights_sitenote_active":false,"_monsterinsights_sitenote_note":"","_monsterinsights_sitenote_category":0},"_links":{"self":[{"href":"https:\/\/www.moelleepiniere.com\/en\/wp-json\/wp\/v2\/pages\/7958"}],"collection":[{"href":"https:\/\/www.moelleepiniere.com\/en\/wp-json\/wp\/v2\/pages"}],"about":[{"href":"https:\/\/www.moelleepiniere.com\/en\/wp-json\/wp\/v2\/types\/page"}],"author":[{"embeddable":true,"href":"https:\/\/www.moelleepiniere.com\/en\/wp-json\/wp\/v2\/users\/6673"}],"replies":[{"embeddable":true,"href":"https:\/\/www.moelleepiniere.com\/en\/wp-json\/wp\/v2\/comments?post=7958"}],"version-history":[{"count":37,"href":"https:\/\/www.moelleepiniere.com\/en\/wp-json\/wp\/v2\/pages\/7958\/revisions"}],"predecessor-version":[{"id":17138,"href":"https:\/\/www.moelleepiniere.com\/en\/wp-json\/wp\/v2\/pages\/7958\/revisions\/17138"}],"up":[{"embeddable":true,"href":"https:\/\/www.moelleepiniere.com\/en\/wp-json\/wp\/v2\/pages\/61"}],"wp:attachment":[{"href":"https:\/\/www.moelleepiniere.com\/en\/wp-json\/wp\/v2\/media?parent=7958"}],"curies":[{"name":"wp","href":"https:\/\/api.w.org\/{rel}","templated":true}]}}