{"id":58,"date":"2011-02-24T03:46:20","date_gmt":"2011-02-24T03:46:20","guid":{"rendered":"http:\/\/www.paraquad.qc.ca\/memoqc\/?p=1567"},"modified":"2014-03-13T11:24:23","modified_gmt":"2014-03-13T16:24:23","slug":"portraits","status":"publish","type":"page","link":"https:\/\/www.moelleepiniere.com\/en\/portraits\/","title":{"rendered":"Portraits"},"content":{"rendered":"<p style=\"text-align: justify;\">R\u00e9guli\u00e8rement, vous retrouverez un texte sur une personne qui a fait la diff\u00e9rence pour Moelle \u00e9pini\u00e8re et motricit\u00e9 Qu\u00e9bec et la cause des bless\u00e9s m\u00e9dullaires au Qu\u00e9bec. Dans l\u2019ombre ou sous les projecteurs, ces personnes d\u2019exception ont permis d\u2019am\u00e9liorer le quotidien des personnes handicap\u00e9es.<\/p>\n<p style=\"text-align: justify;\">Pour notre premier portrait, il semblait tout naturel de choisir Gaston L\u2019Heureux. Une figure importante pour notre organisme et pour les personnes handicap\u00e9es en g\u00e9n\u00e9ral, il est malheureusement d\u00e9c\u00e9d\u00e9 en d\u00e9but d\u2019ann\u00e9e. Bonne lecture.<\/p>\n","protected":false},"excerpt":{"rendered":"<p>R\u00e9guli\u00e8rement, vous retrouverez un texte sur une personne qui a fait la diff\u00e9rence pour Moelle \u00e9pini\u00e8re et motricit\u00e9 Qu\u00e9bec et<\/p>\n","protected":false},"author":1,"featured_media":0,"parent":0,"menu_order":0,"comment_status":"closed","ping_status":"closed","template":"page-2.php","meta":{"_monsterinsights_skip_tracking":false,"_monsterinsights_sitenote_active":false,"_monsterinsights_sitenote_note":"","_monsterinsights_sitenote_category":0},"_links":{"self":[{"href":"https:\/\/www.moelleepiniere.com\/en\/wp-json\/wp\/v2\/pages\/58"}],"collection":[{"href":"https:\/\/www.moelleepiniere.com\/en\/wp-json\/wp\/v2\/pages"}],"about":[{"href":"https:\/\/www.moelleepiniere.com\/en\/wp-json\/wp\/v2\/types\/page"}],"author":[{"embeddable":true,"href":"https:\/\/www.moelleepiniere.com\/en\/wp-json\/wp\/v2\/users\/1"}],"replies":[{"embeddable":true,"href":"https:\/\/www.moelleepiniere.com\/en\/wp-json\/wp\/v2\/comments?post=58"}],"version-history":[{"count":78,"href":"https:\/\/www.moelleepiniere.com\/en\/wp-json\/wp\/v2\/pages\/58\/revisions"}],"predecessor-version":[{"id":5844,"href":"https:\/\/www.moelleepiniere.com\/en\/wp-json\/wp\/v2\/pages\/58\/revisions\/5844"}],"wp:attachment":[{"href":"https:\/\/www.moelleepiniere.com\/en\/wp-json\/wp\/v2\/media?parent=58"}],"curies":[{"name":"wp","href":"https:\/\/api.w.org\/{rel}","templated":true}]}}