{"id":4387,"date":"2013-01-02T18:17:23","date_gmt":"2013-01-02T23:17:23","guid":{"rendered":"http:\/\/www.moelleepiniere.com\/?page_id=4387"},"modified":"2026-04-22T16:13:07","modified_gmt":"2026-04-22T21:13:07","slug":"partenaires","status":"publish","type":"page","link":"https:\/\/www.moelleepiniere.com\/en\/partenaires\/","title":{"rendered":"Partners"},"content":{"rendered":"<div class=\"wp-block-columns\"><\/div>\n\n\n<p><\/p>\n<h3 style=\"text-align: left;\">Main Corporate and Charitable Partners<\/h3>\n<p><a href=\"https:\/\/www.coloplast.ca\/\"><img loading=\"lazy\" class=\"alignnone wp-image-15202\" src=\"https:\/\/www.moelleepiniere.com\/wp-content\/uploads\/2023\/06\/CP_Logo_Deep_Blue_RGB.png\" alt=\"\" width=\"263\" height=\"60\" srcset=\"https:\/\/www.moelleepiniere.com\/wp-content\/uploads\/2023\/06\/CP_Logo_Deep_Blue_RGB.png 251w, https:\/\/www.moelleepiniere.com\/wp-content\/uploads\/2023\/06\/CP_Logo_Deep_Blue_RGB-200x45.png 200w\" sizes=\"(max-width: 263px) 100vw, 263px\" \/><\/a>\u00a0 \u00a0 \u00a0 \u00a0 \u00a0 <a href=\"https:\/\/www.hollister.ca\/en-ca\"><img loading=\"lazy\" class=\"alignnone wp-image-15205\" src=\"https:\/\/www.moelleepiniere.com\/wp-content\/uploads\/2023\/06\/thumbnail_Hollister_Logo_Master_186_408-200x49.png\" alt=\"\" width=\"186\" height=\"46\" srcset=\"https:\/\/www.moelleepiniere.com\/wp-content\/uploads\/2023\/06\/thumbnail_Hollister_Logo_Master_186_408-200x49.png 200w, https:\/\/www.moelleepiniere.com\/wp-content\/uploads\/2023\/06\/thumbnail_Hollister_Logo_Master_186_408-500x123.png 500w, https:\/\/www.moelleepiniere.com\/wp-content\/uploads\/2023\/06\/thumbnail_Hollister_Logo_Master_186_408-768x189.png 768w, https:\/\/www.moelleepiniere.com\/wp-content\/uploads\/2023\/06\/thumbnail_Hollister_Logo_Master_186_408.png 800w\" sizes=\"(max-width: 186px) 100vw, 186px\" \/><\/a>\u00a0 \u00a0\u00a0<a href=\"https:\/\/www.kinovarobotics.com\/\"><img loading=\"lazy\" class=\"alignnone size-full wp-image-15206\" src=\"https:\/\/www.moelleepiniere.com\/wp-content\/uploads\/2023\/06\/Kinova-2022.jpg\" alt=\"\" width=\"200\" height=\"82\" \/><\/a>\u00a0 \u00a0 \u00a0 <a href=\"https:\/\/trackzmobility.com\/en\/\"><img loading=\"lazy\" class=\"alignnone size-medium wp-image-15189\" src=\"https:\/\/www.moelleepiniere.com\/wp-content\/uploads\/2023\/06\/LogoTRACKZZ_2023_noir-200x67.png\" alt=\"\" width=\"200\" height=\"67\" srcset=\"https:\/\/www.moelleepiniere.com\/wp-content\/uploads\/2023\/06\/LogoTRACKZZ_2023_noir-200x67.png 200w, https:\/\/www.moelleepiniere.com\/wp-content\/uploads\/2023\/06\/LogoTRACKZZ_2023_noir-500x167.png 500w, https:\/\/www.moelleepiniere.com\/wp-content\/uploads\/2023\/06\/LogoTRACKZZ_2023_noir-768x256.png 768w, https:\/\/www.moelleepiniere.com\/wp-content\/uploads\/2023\/06\/LogoTRACKZZ_2023_noir-1536x512.png 1536w, https:\/\/www.moelleepiniere.com\/wp-content\/uploads\/2023\/06\/LogoTRACKZZ_2023_noir-2048x683.png 2048w\" sizes=\"(max-width: 200px) 100vw, 200px\" \/><\/a>\u00a0 \u00a0 \u00a0 \u00a0 \u00a0 \u00a0 \u00a0 \u00a0 \u00a0 <a href=\"https:\/\/www.moove.store\/\"><img loading=\"lazy\" class=\"alignnone size-medium wp-image-15209\" src=\"https:\/\/www.moelleepiniere.com\/wp-content\/uploads\/2023\/06\/Moove_logo-200x80.jpg\" alt=\"\" width=\"200\" height=\"80\" srcset=\"https:\/\/www.moelleepiniere.com\/wp-content\/uploads\/2023\/06\/Moove_logo-200x80.jpg 200w, https:\/\/www.moelleepiniere.com\/wp-content\/uploads\/2023\/06\/Moove_logo-500x200.jpg 500w, https:\/\/www.moelleepiniere.com\/wp-content\/uploads\/2023\/06\/Moove_logo.jpg 750w\" sizes=\"(max-width: 200px) 100vw, 200px\" \/><\/a>\u00a0 \u00a0 \u00a0 \u00a0 \u00a0 \u00a0 \u00a0 \u00a0<a href=\"http:\/\/www.tvrtechnologies.com\/\"><img loading=\"lazy\" class=\"alignnone size-full wp-image-15207\" src=\"https:\/\/www.moelleepiniere.com\/wp-content\/uploads\/2023\/06\/TVR-Technologies-2022.jpg\" alt=\"\" width=\"200\" height=\"98\" \/><\/a>\u00a0 \u00a0 \u00a0 \u00a0 \u00a0 \u00a0 \u00a0 \u00a0 \u00a0 \u00a0 \u00a0<\/p>\n<p><a href=\"https:\/\/finalmedic.ca\/\"><img loading=\"lazy\" class=\"alignnone  wp-image-18611\" src=\"https:\/\/www.moelleepiniere.com\/wp-content\/uploads\/2025\/09\/Transparent-Logo-500x198.png\" alt=\"\" width=\"248\" height=\"98\" srcset=\"https:\/\/www.moelleepiniere.com\/wp-content\/uploads\/2025\/09\/Transparent-Logo-500x198.png 500w, https:\/\/www.moelleepiniere.com\/wp-content\/uploads\/2025\/09\/Transparent-Logo-200x79.png 200w, https:\/\/www.moelleepiniere.com\/wp-content\/uploads\/2025\/09\/Transparent-Logo-768x305.png 768w, https:\/\/www.moelleepiniere.com\/wp-content\/uploads\/2025\/09\/Transparent-Logo-1536x610.png 1536w, https:\/\/www.moelleepiniere.com\/wp-content\/uploads\/2025\/09\/Transparent-Logo.png 1847w\" sizes=\"(max-width: 248px) 100vw, 248px\" \/><\/a>\u00a0 \u00a0 \u00a0 \u00a0 \u00a0 \u00a0 \u00a0\u00a0 \u00a0<a href=\"https:\/\/civa.qc.ca\/\"><img loading=\"lazy\" class=\"alignnone  wp-image-18747\" src=\"https:\/\/www.moelleepiniere.com\/wp-content\/uploads\/2025\/10\/Logo_CIVA.png\" alt=\"\" width=\"123\" height=\"123\" srcset=\"https:\/\/www.moelleepiniere.com\/wp-content\/uploads\/2025\/10\/Logo_CIVA.png 280w, https:\/\/www.moelleepiniere.com\/wp-content\/uploads\/2025\/10\/Logo_CIVA-150x150.png 150w, https:\/\/www.moelleepiniere.com\/wp-content\/uploads\/2025\/10\/Logo_CIVA-50x50.png 50w, https:\/\/www.moelleepiniere.com\/wp-content\/uploads\/2025\/10\/Logo_CIVA-45x45.png 45w\" sizes=\"(max-width: 123px) 100vw, 123px\" \/><\/a>\u00a0 \u00a0 \u00a0 \u00a0 \u00a0 \u00a0 \u00a0 \u00a0 \u00a0 \u00a0 \u00a0\u00a0<a href=\"https:\/\/www.fswcquebec.ca\/home.html\"><img loading=\"lazy\" class=\"alignnone size-medium wp-image-15204\" src=\"https:\/\/www.moelleepiniere.com\/wp-content\/uploads\/2023\/06\/logo-avec-le-nom-trans-150x150.png\" alt=\"\" width=\"150\" height=\"150\" srcset=\"https:\/\/www.moelleepiniere.com\/wp-content\/uploads\/2023\/06\/logo-avec-le-nom-trans-150x150.png 150w, https:\/\/www.moelleepiniere.com\/wp-content\/uploads\/2023\/06\/logo-avec-le-nom-trans-500x500.png 500w, https:\/\/www.moelleepiniere.com\/wp-content\/uploads\/2023\/06\/logo-avec-le-nom-trans-50x50.png 50w, https:\/\/www.moelleepiniere.com\/wp-content\/uploads\/2023\/06\/logo-avec-le-nom-trans-768x768.png 768w, https:\/\/www.moelleepiniere.com\/wp-content\/uploads\/2023\/06\/logo-avec-le-nom-trans-45x45.png 45w, https:\/\/www.moelleepiniere.com\/wp-content\/uploads\/2023\/06\/logo-avec-le-nom-trans.png 1438w\" sizes=\"(max-width: 150px) 100vw, 150px\" \/><\/a>\u00a0 \u00a0 \u00a0 \u00a0<\/p>\n<h3><a href=\"https:\/\/n-eff.ca\/en\/\"><img loading=\"lazy\" class=\"alignnone size-full wp-image-18860\" src=\"https:\/\/www.moelleepiniere.com\/wp-content\/uploads\/2025\/12\/Logo-Centres-NEFF-png.webp\" alt=\"\" width=\"200\" height=\"100\" \/><\/a><\/h3>\n<p>\u00a0<\/p>\n<h3>Institutionnal and Government Partners<\/h3>\n<p><strong>Minist\u00e8re de la Sant\u00e9 et des Services sociaux (MSSS) et Sant\u00e9 Qu\u00e9bec<\/strong><\/p>\n<p><strong>Services Qu\u00e9bec<\/strong><\/p>\n<p><strong>Soci\u00e9t\u00e9 de l\u2019assurance automobile du Qu\u00e9bec (SAAQ)<\/strong><\/p>\n<p><strong>Centre d\u2019expertise pour bless\u00e9s m\u00e9dullaires de l\u2019Est du Qu\u00e9bec (CEBMEQ)<\/strong><\/p>\n<p><strong>Centre d\u2019expertise pour bless\u00e9s m\u00e9dullaires de l\u2019Ouest du Qu\u00e9bec (CEBMOQ)<\/strong><\/p>\n<p><strong>CIUSSS de la Capitale-Nationale (IRDPQ et H\u00f4pital de l\u2019Enfant-J\u00e9sus)<\/strong><\/p>\n<p><strong>CIUSSS du Centre-Sud-de-l\u2019\u00cele-de-Montr\u00e9al (IRGLM, CRLB)<\/strong><\/p>\n<p><strong>CIUSSS du Nord-de-l\u2019\u00cele-de-Montr\u00e9al (H\u00f4pital du Sacr\u00e9-C\u0153ur-de-Montr\u00e9al)<\/strong><\/p>\n<p style=\"text-align: center;\">***<\/p>\n<p>Assembl\u00e9e nationale du Qu\u00e9bec \u2013 instance responsable de la diversit\u00e9 et de l&#8217;inclusion<\/p>\n<p>Centre de recherche interdisciplinaire en r\u00e9adaptation du Montr\u00e9al m\u00e9tropolitain (CRIR)<\/p>\n<p>Centre de recherche pour l\u2019inclusion des personnes en situation de handicap (CRISPESH)<\/p>\n<p>Centre interdisciplinaire de recherche en r\u00e9adaptation et int\u00e9gration sociale (CIRRIS)<\/p>\n<p>Centre universitaire de sant\u00e9 McGill (CUSM)<\/p>\n<p>CHU de Qu\u00e9bec \u2013 Universit\u00e9 Laval<\/p>\n<p>CISSS de Chaudi\u00e8re-Appalaches<\/p>\n<p>CISSS de l\u2019Abitibi-T\u00e9miscamingue<\/p>\n<p>CISSS de la Mont\u00e9r\u00e9gie-Ouest<\/p>\n<p>CISSS de Lanaudi\u00e8re<\/p>\n<p>CISSS de Laval<\/p>\n<p>CISSS de l\u2019Outaouais<\/p>\n<p>CISSS des Laurentides<\/p>\n<p>CISSS du Bas Saint-Laurent<\/p>\n<p>CIUSSS de la Mauricie-et-du-Centre-du-Qu\u00e9bec<\/p>\n<p>CIUSSS de l\u2019Estrie \u2013 Centre hospitalier universitaire de Sherbrooke<\/p>\n<p>CIUSSS de l\u2019Est-de-l\u2019\u00cele-de-Montr\u00e9al (Commissaire aux plaintes et \u00e0 la qualit\u00e9 des services)<\/p>\n<p>CIUSSS du Centre-Ouest-de-l\u2019\u00cele-de-Montr\u00e9al<\/p>\n<p>CIUSSS du Saguenay\u2013Lac-Saint-Jean<\/p>\n<p>Commission des normes, de l\u2019\u00e9quit\u00e9, de la sant\u00e9 et de la s\u00e9curit\u00e9 du travail (CNESST)<\/p>\n<p>Commission des partenaires du march\u00e9 du travail (CPMT)<\/p>\n<p>\u00c9cole \u00c0 Pas de G\u00e9ant Montr\u00e9al \/ Giant Steps Montreal<\/p>\n<p>\u00c9cole Joseph-Charbonneau, \u00c9ducation aux adultes \u2013 Centre Champagnat<\/p>\n<p>Institut national d\u2019excellence en sant\u00e9 et en services sociaux (INESSS)<\/p>\n<p>Institut universitaire sur la r\u00e9adaptation en d\u00e9ficience physique de Montr\u00e9al (IURDPM)<\/p>\n<p>Municipalit\u00e9 de Saint-Lin<\/p>\n<p>Office des personnes handicap\u00e9es du Qu\u00e9bec (OPHQ)<\/p>\n<p>Protecteur du citoyen<\/p>\n<p>R\u00e9gie intermunicipale de police Richelieu-Saint-Laurent<\/p>\n<p>R\u00e9gie intermunicipale de police Roussillon<\/p>\n<p>R\u00e9seau provincial de recherche en adaptation-r\u00e9adaptation (REPAR)<\/p>\n<p>Service de police de la Ville de Granby<\/p>\n<p>Service de police de Laval<\/p>\n<p>Service de police de la Ville de Longueuil<\/p>\n<p>Service de police de la Ville de Montr\u00e9al<\/p>\n<p>Service de police de la Ville de Terrebonne<\/p>\n<p>Service de police de la Ville de Qu\u00e9bec<\/p>\n<p>Table de concertation en accessibilit\u00e9 universelle de la Ville de Qu\u00e9bec<\/p>\n<p>Universit\u00e9 Concordia<\/p>\n<p>Universit\u00e9 de Montr\u00e9al<\/p>\n<p>Universit\u00e9 de Sherbrooke<\/p>\n<p>Universit\u00e9 Laval<\/p>\n<p>Universit\u00e9 McGill<\/p>\n<p>Universit\u00e9 Memorial<\/p>\n<p>Ville de Saguenay<\/p>\n<p>Ville de Sainte-Catherine<\/p>\n<p>\u00a0<\/p>\n<h3>Main Corporate Partners<\/h3>\n<p>Coloplast<\/p>\n<p>Kinova<\/p>\n<p>Hollister<\/p>\n<p>TrackZ Mobilit\u00e9<\/p>\n<p>TVR Technologies<\/p>\n<p>MOOVE<\/p>\n<p>Neuro-Efficacit\u00e9<\/p>\n<p>Final Medic<\/p>\n<p>\u00a0<\/p>\n<h3>Charitable Partners<\/h3>\n<p>Centre d&#8217;int\u00e9gration \u00e0 la vie active (CIVA) &#8211; Viomax<\/p>\n<p>Centre qu\u00e9b\u00e9cois d\u2019entra\u00eenement adapt\u00e9 FSWC<\/p>\n<p>\u00a0<\/p>\n<h3>Nonprofit Organizations, Associations, Grouping, Committees, Unions, Social Economy Enterprises and Allies<\/h3>\n<p>Action cancer du sein du Qu\u00e9bec (ACSQ)<\/p>\n<p>Action Femmes et Handicap<\/p>\n<p>AMI-t\u00e9l\u00e9<\/p>\n<p>Association pour la d\u00e9fense des droits sociaux Qu\u00e9bec M\u00e9tro (ADDS-QM)<\/p>\n<p>Association d\u2019entraide des personnes handicap\u00e9es physiques de Montr\u00e9al (ALPHA)<\/p>\n<p>Association des directeurs de police du Qu\u00e9bec (ADPQ)<\/p>\n<p>Association des personnes handicap\u00e9es de Portneuf (APHPORT)<\/p>\n<p>Association des personnes handicap\u00e9es visuelles de Lanaudi\u00e8re (APHVL)<\/p>\n<p>Association de spina-bifida et d\u2019hydroc\u00e9phalie du Qu\u00e9bec (ASBHQ)<\/p>\n<p>Association des usagers du transport adapt\u00e9 de Longueuil (AUTAL)<\/p>\n<p>Association d\u2019informations en logements et immeubles adapt\u00e9s (AILIA)<\/p>\n<p>Association multiethnique pour l\u2019int\u00e9gration des personnes handicap\u00e9es du Qu\u00e9bec (AMEIPH)<\/p>\n<p>Association qu\u00e9b\u00e9coise des personnes de petite taille (AQPPT)<\/p>\n<p>Association qu\u00e9b\u00e9coise des traumatis\u00e9s cr\u00e2niens (AQTC)<\/p>\n<p>Association qu\u00e9b\u00e9coise de voile adapt\u00e9e (AQVA)<\/p>\n<p>Association qu\u00e9b\u00e9coise pour l\u2019\u00e9quit\u00e9 et l\u2019inclusion au postsecondaire (AQEIPS)<\/p>\n<p>Autisme Montr\u00e9al\u00a0\u00a0\u00a0<\/p>\n<p>Axia Services<\/p>\n<p>CKIA Radio communautaire &#8211; \u00c9mission Les Cap\u00e9s<\/p>\n<p>Canal M, la radio de Vues &amp; Voix<\/p>\n<p>Cap Diamant, Coop\u00e9rative de consommateurs<\/p>\n<p>Carrefour familial des personnes handicap\u00e9es (CFPH)<\/p>\n<p>Centre communautaire Radisson (CCR)<\/p>\n<p>Centre d\u2019action b\u00e9n\u00e9vole de Montr\u00e9al (CABM)<\/p>\n<p>Centre de B\u00e9n\u00e9volat de la Vall\u00e9e de l\u2019Or<\/p>\n<p>Centre d\u2019int\u00e9gration \u00e0 la vie active (CIVA) &#8211; Viomax<\/p>\n<p>Centre qu\u00e9b\u00e9cois d\u2019entra\u00eenement adapt\u00e9 FSWC<\/p>\n<p>Coalition solidarit\u00e9 sant\u00e9 (CSS)<\/p>\n<p>Collectif d\u2019organismes pour la d\u00e9fense des droits des personnes en situation de handicap (CODDPSH)<\/p>\n<p>Comit\u00e9 consultatif Personnes handicap\u00e9es (CCPH)<\/p>\n<p>Comit\u00e9 des usagers du CRDITED de Montr\u00e9al<\/p>\n<p>Comit\u00e9 r\u00e9gional pour l\u2019autisme et la d\u00e9ficience intellectuelle (CRADI)<\/p>\n<p>Comit\u00e9 sectoriel de main-d\u2019\u0153uvre \u2013 \u00c9conomie sociale et action communautaire (CSMO-\u00c9SAC)<\/p>\n<p>Commission de la construction du Qu\u00e9bec (CCQ)<\/p>\n<p>Conseil qu\u00e9b\u00e9cois des entreprises adapt\u00e9es (CQEA)<\/p>\n<p>COOP-Assist<\/p>\n<p>Corporation L\u2019Espoir<\/p>\n<p>D\u00e9fPhys Sans Limite<\/p>\n<p>Dress for Success Montreal \/ L\u2019\u00c9toffe du succ\u00e8s Montr\u00e9al<\/p>\n<p>Dynamique des Handicap\u00e9s de Granby et R\u00e9gion<\/p>\n<p>Emploi-Services<\/p>\n<p>Essor II<\/p>\n<p>Ex aequo<\/p>\n<p>Festival international de cin\u00e9ma adapt\u00e9 de Montr\u00e9al (FICAM)<\/p>\n<p>Finautonome<\/p>\n<p>Fondation 33<\/p>\n<p>Fondation Bourassa Savaria<\/p>\n<p>Fondation Mirella et Lino Saputo<\/p>\n<p>Fondation Moelle \u00e9pini\u00e8re et motricit\u00e9 Qu\u00e9bec<\/p>\n<p>Groupe Inclusia<\/p>\n<p>Groupement des associations de personnes handicap\u00e9es de la Rive-Sud de Montr\u00e9al (GAPHRSM)<\/p>\n<p>Globe Trotter<\/p>\n<p>Institut national pour l\u2019\u00e9quit\u00e9, l\u2019\u00e9galit\u00e9 et l\u2019inclusion des personnes en situation de handicap (IN\u00c9\u00c9I-PSH)<\/p>\n<p>K\u00e9roul<\/p>\n<p>La Crois\u00e9e<\/p>\n<p>L\u2019Appui pour les proches aidants<\/p>\n<p>L\u2019\u00c9toile de Pacho<\/p>\n<p>Ligue des droits et libert\u00e9s (LDL)<\/p>\n<p>Marche mondiale des femmes<\/p>\n<p>North American Spinal Cord Injury Consortium (NASCIC)<\/p>\n<p>Option consommateurs<\/p>\n<p>Parents pour la d\u00e9ficience intellectuelle (PARDI)<\/p>\n<p>Parrainage civique Montr\u00e9al (PCM)<\/p>\n<p>PhantaisIA<\/p>\n<p>Pr\u00eats, disponibles et capables (PDC)<\/p>\n<p>Promotion intervention en milieu ouvert (PIMO)<\/p>\n<p>Regroupement des associations de personnes handicap\u00e9es de l\u2019Outaouais (RAPHO)<\/p>\n<p>Regroupement des aveugles et amblyopes du Montr\u00e9al m\u00e9tropolitain (RAAMM)<\/p>\n<p>Regroupement des maisons pour femmes victimes de violence conjugale \/ Membre du collectif G13<\/p>\n<p>Regroupement des organismes de promotion de personnes handicap\u00e9es de Laval (ROPPHL)<\/p>\n<p>Regroupement des usagers du transport adapt\u00e9 et accessible de l\u2019\u00cele de Montr\u00e9al (RUTA Montr\u00e9al)<\/p>\n<p>Regroupement des usagers du transport adapt\u00e9 des Patriotes (RUTADP)<\/p>\n<p>Regroupement Loisir et Sport du Qu\u00e9bec (RLSQ)<\/p>\n<p>R\u00e9seau d\u2019aide aux personnes seules et itin\u00e9rantes de Montr\u00e9al (RAPSIM)<\/p>\n<p>R\u00e9seau international sur le processus de production du handicap (RIPPH)<\/p>\n<p>R\u00e9seau qu\u00e9b\u00e9cois d\u2019action pour la sant\u00e9 des femmes (RQASF)<\/p>\n<p>Sans oublier le sourire (SOS)<\/p>\n<p>SEMO Chaudi\u00e8re-Appalaches<\/p>\n<p>Soci\u00e9t\u00e9 du Vieux-Port de Montr\u00e9al (SVPM)<\/p>\n<p>Soci\u00e9t\u00e9 inclusive<\/p>\n<p>Soci\u00e9t\u00e9 Logique<\/p>\n<p>Soci\u00e9t\u00e9 qu\u00e9b\u00e9coise de la d\u00e9ficience intellectuelle (SQDI)<\/p>\n<p>Solidarit\u00e9 de parents de personnes handicap\u00e9es (SPPH)<\/p>\n<p>SPHERE Qu\u00e9bec (Soutien \u00e0 la personne handicap\u00e9e en route vers l\u2019emploi)<\/p>\n<p>Spinal Cord Injury Canada (SCI Canada) \/ L\u00e9sions m\u00e9dullaires Canada<\/p>\n<p>Spinal Cord Injury Ontario (SCI Canada) \/ L\u00e9sions m\u00e9dullaires Ontario<\/p>\n<p>Table de concertation en accessibilit\u00e9 universelle de la Ville de Qu\u00e9bec<\/p>\n<p>Urgences-sant\u00e9<\/p>\n<p>Vie autonome Montr\u00e9al (VAM)<\/p>\n<p>Zone Loisir Mont\u00e9r\u00e9gie (ZLM)<\/p>\n<p>\u00a0<\/p>\n<h3>Partners Offering Member Privileges, Sponsors, Paraquad Advertisers and Other Private Partners<\/h3>\n<p>Adaptation 04<\/p>\n<p>Adapt Solutions \/ Qu\u00e9bec Adapt<\/p>\n<p>Air Canada<\/p>\n<p>Am\u00e9rispa<\/p>\n<p>Atlas M\u00e9dic<\/p>\n<p>Centre d&#8217;int\u00e9gration \u00e0 la vie active (CIVA) &#8211; Viomax<\/p>\n<p>Centre qu\u00e9b\u00e9cois d\u2019entra\u00eenement adapt\u00e9 FSWC<\/p>\n<p>Chalets U<\/p>\n<p>Clinique Synapse<\/p>\n<p>Coloplast<\/p>\n<p>Convatec<\/p>\n<p>Driverge (anciennement Groupe V\u00e9hicule Savaria)<\/p>\n<p>Eureka Solutions<\/p>\n<p>Final Medic<\/p>\n<p>Fondation Martin-Matte<\/p>\n<p>Go Rampe<\/p>\n<p>Hollister<\/p>\n<p>Kinatex<\/p>\n<p>Kinova<\/p>\n<p>Lasik MD Vision<\/p>\n<p>Les H\u00f4tels Jaro<\/p>\n<p>Location Jean L\u00e9gar\u00e9<\/p>\n<p>Martin, M\u00e9nard, Avocats<\/p>\n<p>MOOVE<\/p>\n<p>MTL Secrets<\/p>\n<p>Neuro-Efficacit\u00e9<\/p>\n<p>S\u00e9cur M\u00e9dic<\/p>\n<p>TrackZ Mobilit\u00e9<\/p>\n<p>TVR Technologies<\/p>\n<p>\u00a0<\/p>\n<h3>Member Privileges<\/h3>\n<p id=\"tw-target-text\" class=\"tw-data-text tw-text-large XcVN5d tw-ta\" dir=\"ltr\" data-placeholder=\"Traduction\"><span class=\"Y2IQFc\" lang=\"en\">Click <a href=\"https:\/\/www.moelleepiniere.com\/wp-content\/uploads\/2026\/04\/2026-04-20-Avantages-pour-les-membres-.pdf\">here<\/a> or on the image below to find out about your benefit discounts. To benefit from it, your membership card must be valid<\/span><span style=\"color: initial;\">.<\/span><\/p>\n<p dir=\"ltr\" data-placeholder=\"Traduction\">\u00a0<\/p>\n\n\n<div class=\"wp-block-columns\">\n<div class=\"wp-block-column\">\n<div class=\"wp-block-image\"><figure class=\"aligncenter size-large\"><a href=\"https:\/\/www.moelleepiniere.com\/wp-content\/uploads\/2026\/04\/2026-04-20-Avantages-pour-les-membres-.pdf\"><img loading=\"lazy\" width=\"500\" height=\"155\" src=\"https:\/\/www.moelleepiniere.com\/wp-content\/uploads\/2026\/03\/Avantages_membres-500x155.jpg\" alt=\"\" class=\"wp-image-19221\" srcset=\"https:\/\/www.moelleepiniere.com\/wp-content\/uploads\/2026\/03\/Avantages_membres-500x155.jpg 500w, https:\/\/www.moelleepiniere.com\/wp-content\/uploads\/2026\/03\/Avantages_membres-200x62.jpg 200w, https:\/\/www.moelleepiniere.com\/wp-content\/uploads\/2026\/03\/Avantages_membres-768x238.jpg 768w, https:\/\/www.moelleepiniere.com\/wp-content\/uploads\/2026\/03\/Avantages_membres.jpg 800w\" sizes=\"(max-width: 500px) 100vw, 500px\" \/><\/a><\/figure><\/div>\n<\/div>\n<\/div>\n\n\n\n<p><\/p>","protected":false},"excerpt":{"rendered":"<p>Main Corporate and Charitable Partners \u00a0 \u00a0 \u00a0 \u00a0 \u00a0 \u00a0 \u00a0\u00a0\u00a0 \u00a0 \u00a0 \u00a0 \u00a0 \u00a0 \u00a0 \u00a0 \u00a0<\/p>\n","protected":false},"author":1,"featured_media":0,"parent":0,"menu_order":0,"comment_status":"closed","ping_status":"open","template":"","meta":{"_monsterinsights_skip_tracking":false,"_monsterinsights_sitenote_active":false,"_monsterinsights_sitenote_note":"","_monsterinsights_sitenote_category":0},"_links":{"self":[{"href":"https:\/\/www.moelleepiniere.com\/en\/wp-json\/wp\/v2\/pages\/4387"}],"collection":[{"href":"https:\/\/www.moelleepiniere.com\/en\/wp-json\/wp\/v2\/pages"}],"about":[{"href":"https:\/\/www.moelleepiniere.com\/en\/wp-json\/wp\/v2\/types\/page"}],"author":[{"embeddable":true,"href":"https:\/\/www.moelleepiniere.com\/en\/wp-json\/wp\/v2\/users\/1"}],"replies":[{"embeddable":true,"href":"https:\/\/www.moelleepiniere.com\/en\/wp-json\/wp\/v2\/comments?post=4387"}],"version-history":[{"count":425,"href":"https:\/\/www.moelleepiniere.com\/en\/wp-json\/wp\/v2\/pages\/4387\/revisions"}],"predecessor-version":[{"id":19318,"href":"https:\/\/www.moelleepiniere.com\/en\/wp-json\/wp\/v2\/pages\/4387\/revisions\/19318"}],"wp:attachment":[{"href":"https:\/\/www.moelleepiniere.com\/en\/wp-json\/wp\/v2\/media?parent=4387"}],"curies":[{"name":"wp","href":"https:\/\/api.w.org\/{rel}","templated":true}]}}