{"id":4003,"date":"2012-10-09T14:52:27","date_gmt":"2012-10-09T19:52:27","guid":{"rendered":"http:\/\/www.moelleepiniere.com\/?page_id=4003"},"modified":"2024-08-30T15:40:40","modified_gmt":"2024-08-30T20:40:40","slug":"machupicchu","status":"publish","type":"page","link":"https:\/\/www.moelleepiniere.com\/en\/calendar\/machupicchu\/","title":{"rendered":"2013 Machu Picchu Challenge : Everybody up!"},"content":{"rendered":"<p><\/p>\n<p style=\"text-align: justify;\">The &#8220;2013 Machu Picchu Challenge : Everybody up!&#8221; is a fundraiser to support the Moelle \u00e9pini\u00e8re et motricit\u00e9 Qu\u00e9bec Foundation. With medical research moving forward, our financing needs are increasing so that we can support hospitals and university research centers seeking funding. To fund research projects that are submitted, the Foundation is organizing this challenge with the goal of raising more than $200,000. This will allow more than 40 participants to help make a difference and to associate their name and organization with the success.<\/p>\n<p style=\"text-align: justify;\">In this sense, the Moelle \u00e9pini\u00e8re et motricit\u00e9 Qu\u00e9bec Foundation is inviting you to participate in this great sporting challenge. Participants will leave for Peru in October 2013, but first they will need to raise the funding needed to achieve this inspiring goal.<\/p>\n<p style=\"text-align: justify;\">You can now download an information sheet which contains a wealth of travel information and details by clicking the following link (in French):<\/p>\n<h2 style=\"text-align: center;\"><span style=\"color: #800000;\"><strong><a href=\"https:\/\/www.moelleepiniere.com\/wp-content\/uploads\/2012\/10\/UC_FT_HM_PER-MEMO-Qc.pdf\">Machu Picchu information sheet<\/a><\/strong><\/span><\/h2>\n<p><a href=\"https:\/\/www.moelleepiniere.com\/wp-content\/uploads\/2012\/10\/tsm_cee86d3888769c8a5c7d1c36bbca4b05d3b4667a.jpeg\"><img loading=\"lazy\" class=\"aligncenter size-large wp-image-4007\" title=\"tsm_cee86d3888769c8a5c7d1c36bbca4b05d3b4667a\" src=\"https:\/\/www.moelleepiniere.com\/wp-content\/uploads\/2012\/10\/tsm_cee86d3888769c8a5c7d1c36bbca4b05d3b4667a-500x223.jpg\" alt=\"\" width=\"500\" height=\"223\" srcset=\"https:\/\/www.moelleepiniere.com\/wp-content\/uploads\/2012\/10\/tsm_cee86d3888769c8a5c7d1c36bbca4b05d3b4667a-500x223.jpg 500w, https:\/\/www.moelleepiniere.com\/wp-content\/uploads\/2012\/10\/tsm_cee86d3888769c8a5c7d1c36bbca4b05d3b4667a-50x22.jpg 50w, https:\/\/www.moelleepiniere.com\/wp-content\/uploads\/2012\/10\/tsm_cee86d3888769c8a5c7d1c36bbca4b05d3b4667a-200x89.jpg 200w, https:\/\/www.moelleepiniere.com\/wp-content\/uploads\/2012\/10\/tsm_cee86d3888769c8a5c7d1c36bbca4b05d3b4667a-100x44.jpg 100w, https:\/\/www.moelleepiniere.com\/wp-content\/uploads\/2012\/10\/tsm_cee86d3888769c8a5c7d1c36bbca4b05d3b4667a-150x67.jpg 150w, https:\/\/www.moelleepiniere.com\/wp-content\/uploads\/2012\/10\/tsm_cee86d3888769c8a5c7d1c36bbca4b05d3b4667a.jpeg 615w\" sizes=\"(max-width: 500px) 100vw, 500px\" \/><\/a><\/p>\n<p><strong>The journey<\/strong><\/p>\n<p style=\"text-align: justify;\">Peru&#8217;s busiest hiking path and certainly one of the most spectacular on the continent, the Inca Trail is part of a vast network of trails spanning over 23,000 kilometers. Each year, UnikChallenge guides several solo travelers in Peru (with a private local guide or with an international group) on the &#8220;trek of the Incas&#8221;, which is 43 km long and leads to the cultural citadel of Machu Picchu.<\/p>\n<p style=\"text-align: justify;\"><span style=\"color: #000000;\">Cusco, in the Andes, in the heart of the Incan Empire, offers endless opportunities for historical and archaeological visits. Cusco is therefore the starting point of this challenge for the Incan Trail. With the changes in altitude, we will cross an impressive variation of climates and ecosystems, as diverse as the highlands of the Andes and the cold misty woodlands. We will cross two high altitude passes before reaching the &#8220;Gate of the Sun&#8221;, which is access to Machu Picchu. The challenge will take place in the heart of natural landscapes of stunning beauty. Exuberant nature, hundreds of species of orchids, multicolored birds and dreamlike landscapes provide the ideal complement to this road, which is essential to any adventure in Peru<br \/>\n<\/span><\/p>\n<p style=\"text-align: justify;\"><span style=\"color: #000000;\">Participants will have a chance to win prizes from our sponsors!<br \/>\n<\/span><\/p>\n<p style=\"text-align: justify;\"><span style=\"color: #000000;\"><a href=\"https:\/\/www.moelleepiniere.com\/wp-content\/uploads\/2012\/10\/tsm_ea9eaf7f7802b9e5d02ae525be662e53df311541.jpeg\"><img loading=\"lazy\" class=\"aligncenter size-large wp-image-4008\" title=\"tsm_ea9eaf7f7802b9e5d02ae525be662e53df311541\" src=\"https:\/\/www.moelleepiniere.com\/wp-content\/uploads\/2012\/10\/tsm_ea9eaf7f7802b9e5d02ae525be662e53df311541-500x223.jpg\" alt=\"\" width=\"500\" height=\"223\" srcset=\"https:\/\/www.moelleepiniere.com\/wp-content\/uploads\/2012\/10\/tsm_ea9eaf7f7802b9e5d02ae525be662e53df311541-500x223.jpg 500w, https:\/\/www.moelleepiniere.com\/wp-content\/uploads\/2012\/10\/tsm_ea9eaf7f7802b9e5d02ae525be662e53df311541-50x22.jpg 50w, https:\/\/www.moelleepiniere.com\/wp-content\/uploads\/2012\/10\/tsm_ea9eaf7f7802b9e5d02ae525be662e53df311541-200x89.jpg 200w, https:\/\/www.moelleepiniere.com\/wp-content\/uploads\/2012\/10\/tsm_ea9eaf7f7802b9e5d02ae525be662e53df311541-100x44.jpg 100w, https:\/\/www.moelleepiniere.com\/wp-content\/uploads\/2012\/10\/tsm_ea9eaf7f7802b9e5d02ae525be662e53df311541-150x67.jpg 150w, https:\/\/www.moelleepiniere.com\/wp-content\/uploads\/2012\/10\/tsm_ea9eaf7f7802b9e5d02ae525be662e53df311541.jpeg 615w\" sizes=\"(max-width: 500px) 100vw, 500px\" \/><\/a><br \/>\n<\/span><\/p>\n<p><strong>To participate or encourage participants<\/strong><\/p>\n<p>If you would like more information about this challenge, visit Unik Challenge&#8217;s website.<\/p>\n<p>To participate in information sessions to find out more about the challenge, which will take place in Montreal and Quebec City in November, visit the following webpage. You can register for the challenge for free at the information sessions.<\/p>\n<p>To encourage participants, you can help spread the word! It will also be possible to donate your time. We will keep you posted!<br \/>\n<\/p>","protected":false},"excerpt":{"rendered":"<p>The &#8220;2013 Machu Picchu Challenge : Everybody up!&#8221; is a fundraiser to support the Moelle \u00e9pini\u00e8re et motricit\u00e9 Qu\u00e9bec Foundation.<\/p>\n","protected":false},"author":5780,"featured_media":0,"parent":521,"menu_order":0,"comment_status":"closed","ping_status":"open","template":"","meta":{"_monsterinsights_skip_tracking":false,"_monsterinsights_sitenote_active":false,"_monsterinsights_sitenote_note":"","_monsterinsights_sitenote_category":0},"_links":{"self":[{"href":"https:\/\/www.moelleepiniere.com\/en\/wp-json\/wp\/v2\/pages\/4003"}],"collection":[{"href":"https:\/\/www.moelleepiniere.com\/en\/wp-json\/wp\/v2\/pages"}],"about":[{"href":"https:\/\/www.moelleepiniere.com\/en\/wp-json\/wp\/v2\/types\/page"}],"author":[{"embeddable":true,"href":"https:\/\/www.moelleepiniere.com\/en\/wp-json\/wp\/v2\/users\/5780"}],"replies":[{"embeddable":true,"href":"https:\/\/www.moelleepiniere.com\/en\/wp-json\/wp\/v2\/comments?post=4003"}],"version-history":[{"count":14,"href":"https:\/\/www.moelleepiniere.com\/en\/wp-json\/wp\/v2\/pages\/4003\/revisions"}],"predecessor-version":[{"id":17106,"href":"https:\/\/www.moelleepiniere.com\/en\/wp-json\/wp\/v2\/pages\/4003\/revisions\/17106"}],"up":[{"embeddable":true,"href":"https:\/\/www.moelleepiniere.com\/en\/wp-json\/wp\/v2\/pages\/521"}],"wp:attachment":[{"href":"https:\/\/www.moelleepiniere.com\/en\/wp-json\/wp\/v2\/media?parent=4003"}],"curies":[{"name":"wp","href":"https:\/\/api.w.org\/{rel}","templated":true}]}}