{"id":301,"date":"2011-02-28T10:16:24","date_gmt":"2011-02-28T15:16:24","guid":{"rendered":"http:\/\/www.paraquad.qc.ca\/memoqc\/?p=1567"},"modified":"2024-02-19T09:03:55","modified_gmt":"2024-02-19T14:03:55","slug":"faites-un-don","status":"publish","type":"page","link":"https:\/\/www.moelleepiniere.com\/en\/faites-un-don\/","title":{"rendered":"Make a donation"},"content":{"rendered":"<p><\/p>\n<p>\u00a0<\/p>\n<p style=\"text-align: center;\">\u00a0<\/p>\n<p><img loading=\"lazy\" class=\"alignnone wp-image-10244 \" src=\"https:\/\/www.moelleepiniere.com\/wp-content\/uploads\/2019\/12\/Nouveau-Logo-Fondation-500x163.jpg\" alt=\"\" width=\"285\" height=\"93\" srcset=\"https:\/\/www.moelleepiniere.com\/wp-content\/uploads\/2019\/12\/Nouveau-Logo-Fondation-500x163.jpg 500w, https:\/\/www.moelleepiniere.com\/wp-content\/uploads\/2019\/12\/Nouveau-Logo-Fondation-200x65.jpg 200w, https:\/\/www.moelleepiniere.com\/wp-content\/uploads\/2019\/12\/Nouveau-Logo-Fondation.jpg 640w\" sizes=\"(max-width: 285px) 100vw, 285px\" \/><\/p>\n<p style=\"text-align: justify;\">Every dollar you donate to the Fondation Moelle \u00e9pini\u00e8re et motricit\u00e9 Qu\u00e9bec allows us to fulfill our mission of supporting various projects to improve the health, quality of life of people with spinal cord injuries and advance research Scientific. Thanks to your donations, we can help those with a spinal cord injury through our <strong><a href=\"https:\/\/www.moelleepiniere.com\/en\/programme-de-soutien\/\">Spinal Cord Injury Support Program<\/a><\/strong>.\u00a0<\/p>\n\n\n<p><script id=\"ch_cdn_embed\" type=\"text\/javascript\" src=\"https:\/\/www.canadahelps.org\/secure\/js\/cdf_embed.2.js\" charset=\"utf-8\" data-language=\"en\" data-page-id=\"75859\" data-root-url=\"https:\/\/www.canadahelps.org\" data-formtype=\"0\" data-cfasync=\"false\"><\/script><\/p>\n\n\n<p style=\"text-align: justify;\">\u00a0<\/p>\n<p><iframe loading=\"lazy\" title=\"YouTube video player\" src=\"https:\/\/www.youtube.com\/embed\/2n5GFRJFwWw?si=OeNTIb8Zuh6RS-RZ\" width=\"560\" height=\"315\" frameborder=\"0\" allowfullscreen=\"allowfullscreen\" data-mce-fragment=\"1\"><\/iframe><\/p>\n<p style=\"text-align: justify;\">You can choose to make a one-time donation or a recurring monthly donation to provide us with more stable sustainable support. Help us make a real difference in the lives of people with disabilities!<\/p>\n<p><strong><span style=\"font-size: 18pt;\">Online donation<\/span><\/strong><\/p>\n<p style=\"text-align: justify;\">You can donate online by clicking <a href=\"https:\/\/www.canadahelps.org\/en\/dn\/75859\" target=\"_blank\" rel=\"noopener\" class=\"broken_link\"><strong><span style=\"font-size: 14pt;\">here<\/span><\/strong><\/a> and a tax receipt will automatically be provided to you for any donation of $20 or more.\u00a0<\/p>\n<p><span style=\"font-size: 18pt;\"><strong>Donation by mail<\/strong><\/span><\/p>\n<p>You can make out your cheque to <strong>Fondation Moelle \u00e9pini\u00e8re et motricit\u00e9 Qu\u00e9bec<\/strong> au <strong>6020, rue Jean-Talon Est, bureau 400<\/strong>, <strong>Montr\u00e9al, Qu\u00e9bec, H1S 3B1<\/strong>,<\/p>\n<p>Download the donation form below:<\/p>\n<p><a href=\"https:\/\/www.moelleepiniere.com\/wp-content\/uploads\/2019\/12\/Formulaire_don_g\u00e9n\u00e9ral_Fondation-M\u00c9MO_Qc.pdf\">General donation<\/a><\/p>\n<p><a href=\"https:\/\/www.moelleepiniere.com\/wp-content\/uploads\/2019\/12\/Formulaire_Don_mensuel_Fondation-MEMO-QC-2.pdf\">Monthly donation<\/a><\/p>\n<p><a href=\"https:\/\/www.moelleepiniere.com\/wp-content\/uploads\/2019\/12\/Formulaire_Memoire_Fondation-MEMO-Qc.pdf\">Donation in memoriam<\/a><\/p>\n<p style=\"text-align: justify;\">Your cheque must be made out to the Fondation Moelle \u00e9pini\u00e8re et motricit\u00e9 Qu\u00e9bec.<\/p>\n<p><span style=\"font-size: 18pt;\"><strong>Donation by phone\u00a0<\/strong><\/span><\/p>\n<p>You can reach the Fondation Moelle \u00e9pini\u00e8re et motricit\u00e9 Qu\u00e9bec by calling:<\/p>\n<p>Phone: 514-341-7272 (Montreal area) 1-877-341-7272 (toll-free)<\/p>\n<p style=\"text-align: center;\"><span style=\"font-size: 18pt;\"><strong>Thank you for your generosity<\/strong><\/span><\/p>\n<p><\/p>","protected":false},"excerpt":{"rendered":"<p>\u00a0 \u00a0 Every dollar you donate to the Fondation Moelle \u00e9pini\u00e8re et motricit\u00e9 Qu\u00e9bec allows us to fulfill our mission<\/p>\n","protected":false},"author":1,"featured_media":0,"parent":0,"menu_order":0,"comment_status":"closed","ping_status":"closed","template":"","meta":{"_monsterinsights_skip_tracking":false,"_monsterinsights_sitenote_active":false,"_monsterinsights_sitenote_note":"","_monsterinsights_sitenote_category":0},"_links":{"self":[{"href":"https:\/\/www.moelleepiniere.com\/en\/wp-json\/wp\/v2\/pages\/301"}],"collection":[{"href":"https:\/\/www.moelleepiniere.com\/en\/wp-json\/wp\/v2\/pages"}],"about":[{"href":"https:\/\/www.moelleepiniere.com\/en\/wp-json\/wp\/v2\/types\/page"}],"author":[{"embeddable":true,"href":"https:\/\/www.moelleepiniere.com\/en\/wp-json\/wp\/v2\/users\/1"}],"replies":[{"embeddable":true,"href":"https:\/\/www.moelleepiniere.com\/en\/wp-json\/wp\/v2\/comments?post=301"}],"version-history":[{"count":86,"href":"https:\/\/www.moelleepiniere.com\/en\/wp-json\/wp\/v2\/pages\/301\/revisions"}],"predecessor-version":[{"id":16177,"href":"https:\/\/www.moelleepiniere.com\/en\/wp-json\/wp\/v2\/pages\/301\/revisions\/16177"}],"wp:attachment":[{"href":"https:\/\/www.moelleepiniere.com\/en\/wp-json\/wp\/v2\/media?parent=301"}],"curies":[{"name":"wp","href":"https:\/\/api.w.org\/{rel}","templated":true}]}}