{"id":286,"date":"2011-02-28T05:42:37","date_gmt":"2011-02-28T05:42:37","guid":{"rendered":"http:\/\/www.paraquad.qc.ca\/memoqc\/?p=1567"},"modified":"2024-02-19T09:23:34","modified_gmt":"2024-02-19T14:23:34","slug":"nous-joindre-2","status":"publish","type":"page","link":"https:\/\/www.moelleepiniere.com\/en\/nous-joindre-2\/","title":{"rendered":"Contact us"},"content":{"rendered":"<p><a href=\"https:\/\/www.moelleepiniere.com\/wp-content\/uploads\/2011\/02\/Contact-us.jpg\"><img loading=\"lazy\" class=\"aligncenter size-full wp-image-2183\" title=\"Contact us\" src=\"https:\/\/www.moelleepiniere.com\/wp-content\/uploads\/2011\/02\/Contact-us.jpg\" alt=\"\" width=\"630\" height=\"133\" \/><\/a><\/p>\n<p><span style=\"text-decoration: underline;\"><strong>Contact us<\/strong><\/span><\/p>\n<p><span style=\"text-decoration: underline;\">Montreal (main office)<\/span><\/p>\n<p>Moelle \u00e9pini\u00e8re et motricit\u00e9 Qu\u00e9bec<br \/>\n6020, rue Jean-Talon Est, bureau 400<br \/>\nMontr\u00e9al (Qu\u00e9bec) H1S 3B1<\/p>\n<p><span style=\"text-decoration: underline;\">Quebec City office<\/span><\/p>\n<p>Moelle \u00e9pini\u00e8re et motricit\u00e9 Qu\u00e9bec<br \/>\n245, rue Soumande, bureau 214<br \/>\nQu\u00e9bec (Qu\u00e9bec) G1M 2S8<\/p>\n<p>Our opening hours are :<br \/>\n8:30 to 12:00 and 1:00 to 4:30,<br \/>\nMonday to Friday<\/p>\n<p>Montreal region: 514 341-7272<br \/>\nToll free: 1 877 341-7272<br \/>\nFax: 514 341-8884<br \/>\nEmail:<a href=\"mailto:info@moelleepiniere.com\"> info@moelleepiniere.com<\/a><\/p>\n<p>Do you have any questions, ideas, or comments?<br \/>\nWe are looking forward to hear from you!<\/p>\n<p>Write us!<\/p>\n<div role=\"form\" class=\"wpcf7\" id=\"wpcf7-f13890-o1\" lang=\"fr-FR\" dir=\"ltr\">\n<div class=\"screen-reader-response\"><p role=\"status\" aria-live=\"polite\" aria-atomic=\"true\"><\/p> <ul><\/ul><\/div>\n<form action=\"\/en\/wp-json\/wp\/v2\/pages\/286#wpcf7-f13890-o1\" method=\"post\" class=\"wpcf7-form init\" novalidate=\"novalidate\" data-status=\"init\">\n<div style=\"display: none;\">\n<input type=\"hidden\" name=\"_wpcf7\" value=\"13890\" \/>\n<input type=\"hidden\" name=\"_wpcf7_version\" value=\"5.5.3\" \/>\n<input type=\"hidden\" name=\"_wpcf7_locale\" value=\"fr_FR\" \/>\n<input type=\"hidden\" name=\"_wpcf7_unit_tag\" value=\"wpcf7-f13890-o1\" \/>\n<input type=\"hidden\" name=\"_wpcf7_container_post\" value=\"0\" \/>\n<input type=\"hidden\" name=\"_wpcf7_posted_data_hash\" value=\"\" \/>\n<input type=\"hidden\" name=\"_wpcf7_recaptcha_response\" value=\"\" \/>\n<\/div>\n<p><label> Firstname:<br \/>\n    <span class=\"wpcf7-form-control-wrap your-firstname\"><input type=\"text\" name=\"your-firstname\" value=\"\" size=\"40\" class=\"wpcf7-form-control wpcf7-text wpcf7-validates-as-required\" aria-required=\"true\" aria-invalid=\"false\" \/><\/span> <\/label><br \/>\n<label> Lastname:<br \/>\n    <span class=\"wpcf7-form-control-wrap your-lastname\"><input type=\"text\" name=\"your-lastname\" value=\"\" size=\"40\" class=\"wpcf7-form-control wpcf7-text wpcf7-validates-as-required\" aria-required=\"true\" aria-invalid=\"false\" \/><\/span> <\/label><br \/>\n<label> Email:<br \/>\n    <span class=\"wpcf7-form-control-wrap your-email\"><input type=\"email\" name=\"your-email\" value=\"\" size=\"40\" class=\"wpcf7-form-control wpcf7-text wpcf7-email wpcf7-validates-as-required wpcf7-validates-as-email\" aria-required=\"true\" aria-invalid=\"false\" \/><\/span> <\/label><br \/>\n<label> Object:<br \/>\n    <span class=\"wpcf7-form-control-wrap your-subject\"><input type=\"text\" name=\"your-subject\" value=\"\" size=\"40\" class=\"wpcf7-form-control wpcf7-text wpcf7-validates-as-required\" aria-required=\"true\" aria-invalid=\"false\" \/><\/span> <\/label><br \/>\n<label> Your message:<br \/>\n    <span class=\"wpcf7-form-control-wrap your-message\"><textarea name=\"your-message\" cols=\"40\" rows=\"10\" class=\"wpcf7-form-control wpcf7-textarea\" aria-invalid=\"false\"><\/textarea><\/span> <\/label><br \/>\n<input type=\"submit\" value=\"Send\" class=\"wpcf7-form-control has-spinner wpcf7-submit\" \/><\/p>\n<div class=\"wpcf7-response-output\" aria-hidden=\"true\"><\/div><\/form><\/div>","protected":false},"excerpt":{"rendered":"<p>Contact us Montreal (main office) Moelle \u00e9pini\u00e8re et motricit\u00e9 Qu\u00e9bec 6020, rue Jean-Talon Est, bureau 400 Montr\u00e9al (Qu\u00e9bec) H1S 3B1<\/p>\n","protected":false},"author":1,"featured_media":0,"parent":0,"menu_order":0,"comment_status":"closed","ping_status":"open","template":"","meta":{"_monsterinsights_skip_tracking":false,"_monsterinsights_sitenote_active":false,"_monsterinsights_sitenote_note":"","_monsterinsights_sitenote_category":0},"_links":{"self":[{"href":"https:\/\/www.moelleepiniere.com\/en\/wp-json\/wp\/v2\/pages\/286"}],"collection":[{"href":"https:\/\/www.moelleepiniere.com\/en\/wp-json\/wp\/v2\/pages"}],"about":[{"href":"https:\/\/www.moelleepiniere.com\/en\/wp-json\/wp\/v2\/types\/page"}],"author":[{"embeddable":true,"href":"https:\/\/www.moelleepiniere.com\/en\/wp-json\/wp\/v2\/users\/1"}],"replies":[{"embeddable":true,"href":"https:\/\/www.moelleepiniere.com\/en\/wp-json\/wp\/v2\/comments?post=286"}],"version-history":[{"count":16,"href":"https:\/\/www.moelleepiniere.com\/en\/wp-json\/wp\/v2\/pages\/286\/revisions"}],"predecessor-version":[{"id":16183,"href":"https:\/\/www.moelleepiniere.com\/en\/wp-json\/wp\/v2\/pages\/286\/revisions\/16183"}],"wp:attachment":[{"href":"https:\/\/www.moelleepiniere.com\/en\/wp-json\/wp\/v2\/media?parent=286"}],"curies":[{"name":"wp","href":"https:\/\/api.w.org\/{rel}","templated":true}]}}