{"id":2688,"date":"2011-09-22T15:15:34","date_gmt":"2011-09-22T20:15:34","guid":{"rendered":"http:\/\/www.paraquad.qc.ca\/memoqc\/?page_id=2688"},"modified":"2024-07-04T20:59:49","modified_gmt":"2024-07-05T01:59:49","slug":"sante","status":"publish","type":"page","link":"https:\/\/www.moelleepiniere.com\/en\/sante\/","title":{"rendered":"Healthcare"},"content":{"rendered":"<p><a href=\"https:\/\/www.moelleepiniere.com\/wp-content\/uploads\/2011\/09\/Devenez-membre.jpg\"><img loading=\"lazy\" class=\"aligncenter size-full wp-image-2622\" title=\"Devenez membre\" src=\"https:\/\/www.moelleepiniere.com\/wp-content\/uploads\/2011\/09\/Devenez-membre.jpg\" alt=\"\" width=\"630\" height=\"133\" srcset=\"https:\/\/www.moelleepiniere.com\/wp-content\/uploads\/2011\/09\/Devenez-membre.jpg 630w, https:\/\/www.moelleepiniere.com\/wp-content\/uploads\/2011\/09\/Devenez-membre-50x10.jpg 50w, https:\/\/www.moelleepiniere.com\/wp-content\/uploads\/2011\/09\/Devenez-membre-200x42.jpg 200w, https:\/\/www.moelleepiniere.com\/wp-content\/uploads\/2011\/09\/Devenez-membre-500x105.jpg 500w, https:\/\/www.moelleepiniere.com\/wp-content\/uploads\/2011\/09\/Devenez-membre-100x21.jpg 100w, https:\/\/www.moelleepiniere.com\/wp-content\/uploads\/2011\/09\/Devenez-membre-150x31.jpg 150w\" sizes=\"(max-width: 630px) 100vw, 630px\" \/><\/a><\/p>\n<h1><span style=\"text-decoration: underline;\">\u00a0<\/span><\/h1>\n<p>Voici la liste des rabais dont vous pourrez b\u00e9n\u00e9ficier si vous \u00eates membre, en ce qui concerne les soins de sant\u00e9.<\/p>\n<p>&nbsp;<\/p>\n<p><a href=\"https:\/\/www.viomax.ca\/\" target=\"_blank\" rel=\"noopener\"><img loading=\"lazy\" class=\" wp-image-10118 alignleft\" src=\"http:\/\/www.moelleepiniere.com\/wp-content\/uploads\/2019\/10\/viomax.jpg\" alt=\"\" width=\"160\" height=\"63\" srcset=\"https:\/\/www.moelleepiniere.com\/wp-content\/uploads\/2019\/10\/viomax.jpg 320w, https:\/\/www.moelleepiniere.com\/wp-content\/uploads\/2019\/10\/viomax-200x79.jpg 200w\" sizes=\"(max-width: 160px) 100vw, 160px\" \/><\/a><\/p>\n<p><a href=\"https:\/\/www.viomax.ca\/\" target=\"_blank\" rel=\"noopener\"><strong>Viomax<\/strong><\/a><\/p>\n<p>Viomax offre des activit\u00e9s physiques pour les personnes handicap\u00e9es physiquement. Un rabais de 25$ \u00e0 la client\u00e8le membre de M\u00c9MO-Qc pour toute nouvelle adh\u00e9sion ou renouvellement en salle de conditionnement physique Viomax d&#8217;une dur\u00e9e minimale d&#8217;un an sera accord\u00e9 sur pr\u00e9sentation de la carte de membre.<\/p>\n<p>&nbsp;<\/p>\n<p style=\"text-align: justify;\"><img loading=\"lazy\" class=\"size-medium wp-image-2700 alignleft\" title=\"Kinatex\" src=\"https:\/\/www.moelleepiniere.com\/wp-content\/uploads\/2011\/09\/Kinatex-200x99.jpg\" alt=\"\" width=\"150\" height=\"76\" \/><\/p>\n<p style=\"text-align: justify;\"><strong><a href=\"https:\/\/www.kinatex.com\/\">Kinatex<\/a><\/strong><\/p>\n<p style=\"text-align: justify;\">Les cliniques Kinatex, que l&#8217;on trouve partout au Qu\u00e9bec, offrent \u00e0 nos membres, sur pr\u00e9sentation de leur carte, un tarif pr\u00e9f\u00e9rentiel de &#8211; 10$ sur l&#8217;\u00e9valuation en physioth\u00e9rapie ainsi qu&#8217;un tarif pr\u00e9f\u00e9rentiel de &#8211; 5$ sur tous les traitements en physioth\u00e9rapie. Retrouvez toutes les adresses de leurs cliniques sur <a href=\"https:\/\/www.kinatex.com\">www.kinatex.com<\/a>.<\/p>\n<p>&nbsp;<\/p>\n<p><img loading=\"lazy\" class=\"alignleft size-medium wp-image-2701\" title=\"lasik-b\" src=\"https:\/\/www.moelleepiniere.com\/wp-content\/uploads\/2011\/09\/lasik-b-200x143.jpg\" alt=\"\" width=\"150\" height=\"110\" \/><strong><span style=\"text-decoration: underline;\"><a href=\"https:\/\/www.lasikmd.com\/\" class=\"broken_link\"><span style=\"color: #3366ff;\">Lasik MD<\/span><\/a><\/span><\/strong><\/p>\n<p style=\"text-align: justify;\">LASIK MD est un groupe national de correction de la vue au laser. \u00c0 LASIK MD, nous savons que chaque patient est unique et nous nous faisons un devoir de r\u00e9pondre \u00e0 ses besoins particuliers. Nous offrons une gamme compl\u00e8te d\u2019interventions de correction de la vue pour garantir le meilleur r\u00e9sultat possible en mati\u00e8re de vision. Les membres de notre \u00e9quipe de professionnels de la vue r\u00e9pondront \u00e0 vos questions et vous accompagneront pendant toutes les \u00e9tapes du processus. Pr\u00e9sentez votre carte de membre \u00e0 n\u2019importe quelle clinique LASIK MD et \u00e9conomisez \u00a0 \u00a0100 $ sur votre intervention LASIK personnalis\u00e9e. Cette offre ne peut \u00eatre jumel\u00e9e \u00e0 aucune autre offre promotionnelle ni \u00e0 aucun autre rabais ou plan de financement \u00e0 0% d\u2019int\u00e9r\u00eat et ne s\u2019applique pas \u00e0 une intervention ant\u00e9rieure. R\u00e9servez votre consultation gratuite au 1-866-971-1515 ou visitez <a href=\"https:\/\/www.lasikmd.com\/fr\/entreprise\/memoqc\" class=\"broken_link\">https:\/\/www.lasikmd.com\/fr\/entreprise\/memoqc<\/a> pour en savoir plus.<\/p>\n<p>&nbsp;<\/p>\n<p><a href=\"https:\/\/www.amerispa.ca\/\"><img loading=\"lazy\" class=\" wp-image-6630 alignleft\" src=\"https:\/\/www.moelleepiniere.com\/wp-content\/uploads\/2011\/09\/Logo-amerispa_600pix-3.jpg\" alt=\"Logo amerispa_600pix (3)\" width=\"195\" height=\"99\" \/><\/a><\/p>\n<p><a href=\"https:\/\/www.amerispa.ca\/\" target=\"_blank\" rel=\"noopener\"><strong>Amerispa<\/strong><\/a><\/p>\n<p style=\"text-align: justify;\">Fond\u00e9e en 1994, Amerispa poss\u00e8de une expertise et une r\u00e9putation in\u00e9gal\u00e9es en mati\u00e8re de sant\u00e9, beaut\u00e9 et bien-\u00eatre. En fait, cette entreprise qu\u00e9b\u00e9coise est l\u2019unique banni\u00e8re spa au Canada avec quatorze centres de sant\u00e9-beaut\u00e9 haut de gamme.<\/p>\n<p style=\"text-align: justify;\">Vous serez charm\u00e9s par le\u00a0professionnalisme et l\u2019amabilit\u00e9 des sp\u00e9cialistes ainsi que par la chaleureuse atmosph\u00e8re de d\u00e9tente dans laquelle vous vous ressourcerez. Comme membres de M\u00c9MO-Qc, vous b\u00e9n\u00e9ficiez d\u2019un rabais de 10 % en tout temps sur les soins et services \u00e0 prix r\u00e9guliers dans les 14 \u00e9tablissements. \u00a0 Voir le site Internet d\u2019Amerispa pour davantage d\u2019informations www.amerispa.ca ou contactez-les au 1 866 AMERISPA.<\/p>\n<p>&nbsp;<\/p>\n<p><img loading=\"lazy\" class=\"alignleft size-medium wp-image-3719\" title=\"logo-french\" src=\"https:\/\/www.moelleepiniere.com\/wp-content\/uploads\/2011\/09\/logo-french-200x43.png\" alt=\"\" width=\"200\" height=\"43\" srcset=\"https:\/\/www.moelleepiniere.com\/wp-content\/uploads\/2011\/09\/logo-french-200x43.png 200w, https:\/\/www.moelleepiniere.com\/wp-content\/uploads\/2011\/09\/logo-french-50x10.png 50w, https:\/\/www.moelleepiniere.com\/wp-content\/uploads\/2011\/09\/logo-french-100x21.png 100w, https:\/\/www.moelleepiniere.com\/wp-content\/uploads\/2011\/09\/logo-french-150x32.png 150w, https:\/\/www.moelleepiniere.com\/wp-content\/uploads\/2011\/09\/logo-french.png 316w\" sizes=\"(max-width: 200px) 100vw, 200px\" \/><\/p>\n<p><span style=\"text-decoration: underline;\"><strong><a href=\"https:\/\/www.securmedic.com\/\">S\u00e9curM\u00e9dic<\/a><\/strong><\/span><\/p>\n<p>S\u00e9curM\u00e9dic vous offre 15 % de rabais sur les frais\u00a0mensuels de t\u00e9l\u00e9surveillance. Notez \u00e9galement\u00a0que l\u2019\u00e9quipement est fourni \u00a0 \u00a0gratuitement \u00e0 la\u00a0location. S\u00e9curM\u00e9dic est\u00a0un syst\u00e8me de\u00a0t\u00e9l\u00e9surveillance\u00a024 heures, qui consiste en une console de\u00a0communication vocale bidirectionnelle et un bouton\u00a0d\u2019urgence personnel r\u00e9sistant \u00e0 l\u2019eau. En appuyant\u00a0sur un bouton, un lien direct est \u00e9tabli entre la\u00a0r\u00e9sidence de l\u2019 abonn\u00e9 et la centrale de\u00a0t\u00e9l\u00e9surveillance. Si n\u00e9cessaire, quelqu\u2019un sera\u00a0envoy\u00e9 chez lui pour lui venir en aide.<\/p>\n","protected":false},"excerpt":{"rendered":"<p>\u00a0 Voici la liste des rabais dont vous pourrez b\u00e9n\u00e9ficier si vous \u00eates membre, en ce qui concerne les soins<\/p>\n","protected":false},"author":6,"featured_media":0,"parent":0,"menu_order":0,"comment_status":"closed","ping_status":"closed","template":"","meta":{"_monsterinsights_skip_tracking":false,"_monsterinsights_sitenote_active":false,"_monsterinsights_sitenote_note":"","_monsterinsights_sitenote_category":0},"_links":{"self":[{"href":"https:\/\/www.moelleepiniere.com\/en\/wp-json\/wp\/v2\/pages\/2688"}],"collection":[{"href":"https:\/\/www.moelleepiniere.com\/en\/wp-json\/wp\/v2\/pages"}],"about":[{"href":"https:\/\/www.moelleepiniere.com\/en\/wp-json\/wp\/v2\/types\/page"}],"author":[{"embeddable":true,"href":"https:\/\/www.moelleepiniere.com\/en\/wp-json\/wp\/v2\/users\/6"}],"replies":[{"embeddable":true,"href":"https:\/\/www.moelleepiniere.com\/en\/wp-json\/wp\/v2\/comments?post=2688"}],"version-history":[{"count":33,"href":"https:\/\/www.moelleepiniere.com\/en\/wp-json\/wp\/v2\/pages\/2688\/revisions"}],"predecessor-version":[{"id":16956,"href":"https:\/\/www.moelleepiniere.com\/en\/wp-json\/wp\/v2\/pages\/2688\/revisions\/16956"}],"wp:attachment":[{"href":"https:\/\/www.moelleepiniere.com\/en\/wp-json\/wp\/v2\/media?parent=2688"}],"curies":[{"name":"wp","href":"https:\/\/api.w.org\/{rel}","templated":true}]}}