{"id":2637,"date":"2011-09-22T13:01:34","date_gmt":"2011-09-22T18:01:34","guid":{"rendered":"http:\/\/www.paraquad.qc.ca\/memoqc\/?page_id=2637"},"modified":"2024-07-04T20:57:27","modified_gmt":"2024-07-05T01:57:27","slug":"hotel","status":"publish","type":"page","link":"https:\/\/www.moelleepiniere.com\/en\/hotel\/","title":{"rendered":"Lodging"},"content":{"rendered":"<p><\/p>\n<p style=\"text-align: center;\"><img loading=\"lazy\" class=\"aligncenter size-full wp-image-2622\" title=\"Devenez membre\" src=\"https:\/\/www.moelleepiniere.com\/wp-content\/uploads\/2011\/09\/Devenez-membre.jpg\" alt=\"\" width=\"630\" height=\"133\" srcset=\"https:\/\/www.moelleepiniere.com\/wp-content\/uploads\/2011\/09\/Devenez-membre.jpg 630w, https:\/\/www.moelleepiniere.com\/wp-content\/uploads\/2011\/09\/Devenez-membre-50x10.jpg 50w, https:\/\/www.moelleepiniere.com\/wp-content\/uploads\/2011\/09\/Devenez-membre-200x42.jpg 200w, https:\/\/www.moelleepiniere.com\/wp-content\/uploads\/2011\/09\/Devenez-membre-500x105.jpg 500w, https:\/\/www.moelleepiniere.com\/wp-content\/uploads\/2011\/09\/Devenez-membre-100x21.jpg 100w, https:\/\/www.moelleepiniere.com\/wp-content\/uploads\/2011\/09\/Devenez-membre-150x31.jpg 150w\" sizes=\"(max-width: 630px) 100vw, 630px\" \/><\/p>\n<p style=\"text-align: left;\"><span style=\"font-size: 26px;\"><strong><span style=\"text-decoration: underline;\">\u00a0<\/span><\/strong><\/span><\/p>\n<p>Voici la liste des h\u00f4tels pour lesquels vous pouvez b\u00e9n\u00e9ficier de rabais en tant que membre.<\/p>\n<p><a href=\"https:\/\/www.hotelsjaro.com\/\"><img loading=\"lazy\" class=\"size-medium wp-image-2639 alignleft\" title=\"Logo_JARO\" src=\"https:\/\/www.moelleepiniere.com\/wp-content\/uploads\/2011\/09\/Logo_JARO-200x125.jpg\" alt=\"\" width=\"150\" height=\"96\" \/><\/a><span style=\"text-decoration: underline;\"><strong><a href=\"https:\/\/www.hotelsjaro.com\/\"><span style=\"color: #3366ff;\">Les h\u00f4tels Jaro<\/span><\/a><\/strong><\/span><\/p>\n<p>Les h\u00f4tels Jaro vous offrent le tarif corporatif, \u00e0 la pr\u00e9sentation du num\u00e9ro de client de MEMO-Qc. Pour l&#8217;obtenir, merci de nous contacter. Avec ses 1200 chambres, la cha\u00eene h\u00f4teli\u00e8re des H\u00f4tels Jaro poss\u00e8de le plus grand nombre de chambres \u00e0 offrir dans la Ville de Qu\u00e9bec.<\/p>\n<p><a href=\"mailto:info@hotelchicoutimi.qc.ca\"><img loading=\"lazy\" class=\"size-full wp-image-2641 alignleft\" title=\"hotel_chicoutimi\" src=\"https:\/\/www.moelleepiniere.com\/wp-content\/uploads\/2011\/09\/hotel_chicoutimi.gif\" alt=\"\" width=\"150\" height=\"150\" srcset=\"https:\/\/www.moelleepiniere.com\/wp-content\/uploads\/2011\/09\/hotel_chicoutimi.gif 150w, https:\/\/www.moelleepiniere.com\/wp-content\/uploads\/2011\/09\/hotel_chicoutimi-50x50.gif 50w, https:\/\/www.moelleepiniere.com\/wp-content\/uploads\/2011\/09\/hotel_chicoutimi-100x100.gif 100w\" sizes=\"(max-width: 150px) 100vw, 150px\" \/><\/a><span style=\"text-decoration: underline;\"><strong><a href=\"mailto:info@hotelchicoutimi.qc.ca\"><span style=\"color: #3366ff;\">H\u00f4tel Chicoutimi<\/span><\/a><\/strong><\/span><\/p>\n<p>Vous pr\u00e9voyez une visite dans la belle r\u00e9gion du Saguenay? L&#8217;h\u00f4tel Chicoutimi vous offre un rabais de 15% sur l&#8217;h\u00e9bergement.<\/p>\n<p><img loading=\"lazy\" class=\"wp-image-10113 alignleft\" src=\"http:\/\/www.moelleepiniere.com\/wp-content\/uploads\/2019\/10\/autre-jardin.jpg\" alt=\"\" width=\"145\" height=\"145\" srcset=\"https:\/\/www.moelleepiniere.com\/wp-content\/uploads\/2019\/10\/autre-jardin.jpg 400w, https:\/\/www.moelleepiniere.com\/wp-content\/uploads\/2019\/10\/autre-jardin-50x50.jpg 50w, https:\/\/www.moelleepiniere.com\/wp-content\/uploads\/2019\/10\/autre-jardin-150x150.jpg 150w, https:\/\/www.moelleepiniere.com\/wp-content\/uploads\/2019\/10\/autre-jardin-45x45.jpg 45w\" sizes=\"(max-width: 145px) 100vw, 145px\" \/><strong>Auberge L&#8217;Autre Jardin\u00a0 \u00a0<\/strong><\/p>\n<p>En visite \u00e0 Qu\u00e9bec? L&#8217;auberge L&#8217;Autre Jardin offre aux membres de M\u00c9MO-Qc le tarif corporatif, sur pr\u00e9sentation de votre carte de membre. Le petite-d\u00e9jeuner est inclus dans le prix. Pour plus d&#8217;information ou pour r\u00e9servation : 418 523-1790.<\/p>\n<p><a href=\"http:\/\/www.chaletsu.com\" target=\"_blank\" rel=\"noopener\"><img loading=\"lazy\" class=\" wp-image-10114 alignleft\" src=\"http:\/\/www.moelleepiniere.com\/wp-content\/uploads\/2019\/10\/chalet-u.png\" alt=\"\" width=\"147\" height=\"74\" srcset=\"https:\/\/www.moelleepiniere.com\/wp-content\/uploads\/2019\/10\/chalet-u.png 316w, https:\/\/www.moelleepiniere.com\/wp-content\/uploads\/2019\/10\/chalet-u-200x101.png 200w\" sizes=\"(max-width: 147px) 100vw, 147px\" \/><\/a><\/p>\n<p><a href=\"http:\/\/www.chaletsu.com\" target=\"_blank\" rel=\"noopener\"><strong>Chalet U<\/strong><\/a><\/p>\n<p>Le Chalet U est un chalet \u00e0 louer dans la r\u00e9gion de Magog Orford en Estrie, avec une vue unique sur le lac Orford. Il est accessible aux personnes \u00e0 capacit\u00e9 physique restreinte, une denr\u00e9e rare aux Qu\u00e9bec. Les membres de M\u00c9MO-Qc b\u00e9n\u00e9ficient d&#8217;un rabais de 10 % sous forme de carte-cadeau au restaurant Le Rustick (accessible \u00e0 5 minutes du chalet) : 50$ pour le tarif week-end, 75$ pour le tarif 5 jours (semaine) et 100$ pour le tarif une semaine. Pour r\u00e9server ou pour toute information suppl\u00e9mentaire, contactez Jean-Philippe Roy au 514 669-5355.<\/p>\n<p><a href=\"https:\/\/www.royalwilliam.com\/\" target=\"_blank\" rel=\"noopener\"><img loading=\"lazy\" class=\"wp-image-10115 alignleft\" src=\"http:\/\/www.moelleepiniere.com\/wp-content\/uploads\/2019\/10\/Hotel-Royal-William.png\" alt=\"\" width=\"139\" height=\"82\" srcset=\"https:\/\/www.moelleepiniere.com\/wp-content\/uploads\/2019\/10\/Hotel-Royal-William.png 263w, https:\/\/www.moelleepiniere.com\/wp-content\/uploads\/2019\/10\/Hotel-Royal-William-200x118.png 200w\" sizes=\"(max-width: 139px) 100vw, 139px\" \/><\/a><\/p>\n<p><a href=\"https:\/\/www.royalwilliam.com\/\" target=\"_blank\" rel=\"noopener\"><strong>H\u00f4tel Royal William<\/strong><\/a><\/p>\n<p>L&#8217;h\u00f4tel Royal William vous offre le tarif corporatif sur pr\u00e9sentation de votre carte de membre M\u00c9MO-Qc. Situ\u00e9 au coeur de la ville de Qu\u00e9bec, dans le quartier le plus branch\u00e9 de la ville, le Nouvo St-Roch, l&#8217;h\u00f4tel Royal William est la destination id\u00e9ale pour une r\u00e9union d&#8217;affaires, une escapade romantique ou des vacances en famille \u00e0 Qu\u00e9bec.<\/p>","protected":false},"excerpt":{"rendered":"<p>\u00a0 Voici la liste des h\u00f4tels pour lesquels vous pouvez b\u00e9n\u00e9ficier de rabais en tant que membre. Les h\u00f4tels Jaro<\/p>\n","protected":false},"author":6,"featured_media":0,"parent":0,"menu_order":0,"comment_status":"closed","ping_status":"closed","template":"","meta":{"_monsterinsights_skip_tracking":false,"_monsterinsights_sitenote_active":false,"_monsterinsights_sitenote_note":"","_monsterinsights_sitenote_category":0},"_links":{"self":[{"href":"https:\/\/www.moelleepiniere.com\/en\/wp-json\/wp\/v2\/pages\/2637"}],"collection":[{"href":"https:\/\/www.moelleepiniere.com\/en\/wp-json\/wp\/v2\/pages"}],"about":[{"href":"https:\/\/www.moelleepiniere.com\/en\/wp-json\/wp\/v2\/types\/page"}],"author":[{"embeddable":true,"href":"https:\/\/www.moelleepiniere.com\/en\/wp-json\/wp\/v2\/users\/6"}],"replies":[{"embeddable":true,"href":"https:\/\/www.moelleepiniere.com\/en\/wp-json\/wp\/v2\/comments?post=2637"}],"version-history":[{"count":37,"href":"https:\/\/www.moelleepiniere.com\/en\/wp-json\/wp\/v2\/pages\/2637\/revisions"}],"predecessor-version":[{"id":16944,"href":"https:\/\/www.moelleepiniere.com\/en\/wp-json\/wp\/v2\/pages\/2637\/revisions\/16944"}],"wp:attachment":[{"href":"https:\/\/www.moelleepiniere.com\/en\/wp-json\/wp\/v2\/media?parent=2637"}],"curies":[{"name":"wp","href":"https:\/\/api.w.org\/{rel}","templated":true}]}}