{"id":17053,"date":"2024-08-27T13:51:01","date_gmt":"2024-08-27T18:51:01","guid":{"rendered":"https:\/\/www.moelleepiniere.com\/?page_id=17053"},"modified":"2025-06-04T16:16:52","modified_gmt":"2025-06-04T21:16:52","slug":"salon-du-vehicule-adapte","status":"publish","type":"page","link":"https:\/\/www.moelleepiniere.com\/en\/salon-du-vehicule-adapte\/","title":{"rendered":"Salon du v\u00e9hicule adapt\u00e9"},"content":{"rendered":"\n<p><strong>\u00c0 l&#8217;an prochain pour la 16e \u00e9dition 2026!<\/strong><\/p>\n\n\n\n<p><\/p>\n\n\n\n<p>Faites une visite a\u00e9rienne du 15e Salon du v\u00e9hicule adapt\u00e9 de Laval (1er juin 2025) !<\/p>\n\n\n\n<figure class=\"wp-block-embed is-type-video is-provider-youtube wp-block-embed-youtube wp-embed-aspect-16-9 wp-has-aspect-ratio\"><div class=\"wp-block-embed__wrapper\">\n<div class=\"fitvids-video\"><iframe loading=\"lazy\" title=\"15e Salon du v\u00e9hicule adapt\u00e9 en vue a\u00e9rienne | 1er juin 2025 \u00e0 Laval\" width=\"660\" height=\"371\" src=\"https:\/\/www.youtube.com\/embed\/Kn0lFOqldog?feature=oembed\" frameborder=\"0\" allow=\"accelerometer; autoplay; clipboard-write; encrypted-media; gyroscope; picture-in-picture; web-share\" referrerpolicy=\"strict-origin-when-cross-origin\" allowfullscreen><\/iframe><\/div>\n<\/div><\/figure>\n\n\n\n<p class=\"has-text-align-right\"><em>Cr\u00e9dits pour la captation d&#8217;images : Joey Comtois<\/em><\/p>\n\n\n\n<p><\/p>\n","protected":false},"excerpt":{"rendered":"<p>\u00c0 l&#8217;an prochain pour la 16e \u00e9dition 2026! Faites une visite a\u00e9rienne du 15e Salon du v\u00e9hicule adapt\u00e9 de Laval<\/p>\n","protected":false},"author":7402,"featured_media":0,"parent":0,"menu_order":0,"comment_status":"closed","ping_status":"closed","template":"","meta":{"_monsterinsights_skip_tracking":false,"_monsterinsights_sitenote_active":false,"_monsterinsights_sitenote_note":"","_monsterinsights_sitenote_category":0},"_links":{"self":[{"href":"https:\/\/www.moelleepiniere.com\/en\/wp-json\/wp\/v2\/pages\/17053"}],"collection":[{"href":"https:\/\/www.moelleepiniere.com\/en\/wp-json\/wp\/v2\/pages"}],"about":[{"href":"https:\/\/www.moelleepiniere.com\/en\/wp-json\/wp\/v2\/types\/page"}],"author":[{"embeddable":true,"href":"https:\/\/www.moelleepiniere.com\/en\/wp-json\/wp\/v2\/users\/7402"}],"replies":[{"embeddable":true,"href":"https:\/\/www.moelleepiniere.com\/en\/wp-json\/wp\/v2\/comments?post=17053"}],"version-history":[{"count":7,"href":"https:\/\/www.moelleepiniere.com\/en\/wp-json\/wp\/v2\/pages\/17053\/revisions"}],"predecessor-version":[{"id":18337,"href":"https:\/\/www.moelleepiniere.com\/en\/wp-json\/wp\/v2\/pages\/17053\/revisions\/18337"}],"wp:attachment":[{"href":"https:\/\/www.moelleepiniere.com\/en\/wp-json\/wp\/v2\/media?parent=17053"}],"curies":[{"name":"wp","href":"https:\/\/api.w.org\/{rel}","templated":true}]}}