{"id":17050,"date":"2024-08-27T13:47:20","date_gmt":"2024-08-27T18:47:20","guid":{"rendered":"https:\/\/www.moelleepiniere.com\/?page_id=17050"},"modified":"2025-10-09T12:26:34","modified_gmt":"2025-10-09T17:26:34","slug":"journees-quebecoises-des-lesions-medullaires-jqlm","status":"publish","type":"page","link":"https:\/\/www.moelleepiniere.com\/en\/journees-quebecoises-des-lesions-medullaires-jqlm\/","title":{"rendered":"Journ\u00e9es qu\u00e9b\u00e9coises des l\u00e9sions m\u00e9dullaires (JQLM)"},"content":{"rendered":"\n<p class=\"has-medium-font-size\"><strong>Les Journ\u00e9es qu\u00e9b\u00e9coises des l\u00e9sions m\u00e9dullaires 2025 sont maintenant termin\u00e9es. Merci \u00e0 l&#8217;ensemble de nos commanditaires, partenaires et collaborateurs-collaboratrices et \u00e0 l&#8217;an prochain!<\/strong><\/p>\n\n\n\n<p><strong>JQLM &#8211; 10e \u00e9dition : du 21 au 27 septembre 2026<\/strong><\/p>\n\n\n\n<figure class=\"wp-block-image size-large\"><img loading=\"lazy\" width=\"500\" height=\"220\" src=\"https:\/\/www.moelleepiniere.com\/wp-content\/uploads\/2025\/09\/Commanditaires_JQLM_2025-500x220.jpg\" alt=\"\" class=\"wp-image-18602\" srcset=\"https:\/\/www.moelleepiniere.com\/wp-content\/uploads\/2025\/09\/Commanditaires_JQLM_2025-500x220.jpg 500w, https:\/\/www.moelleepiniere.com\/wp-content\/uploads\/2025\/09\/Commanditaires_JQLM_2025-200x88.jpg 200w, https:\/\/www.moelleepiniere.com\/wp-content\/uploads\/2025\/09\/Commanditaires_JQLM_2025-768x337.jpg 768w, https:\/\/www.moelleepiniere.com\/wp-content\/uploads\/2025\/09\/Commanditaires_JQLM_2025.jpg 952w\" sizes=\"(max-width: 500px) 100vw, 500px\" \/><\/figure>\n\n\n\n<h5>B\u00e9n\u00e9voles de M\u00c9MO-Qc<\/h5>\n\n\n\n<p><strong>Marie Julie Dion<\/strong>, Conseill\u00e8re paire b\u00e9n\u00e9vole, Grande r\u00e9gion de Montr\u00e9al<\/p>\n\n\n\n<p><strong>\u00c9tienne Mayer<\/strong>, Conseiller pair b\u00e9n\u00e9vole, Abitibi-T\u00e9miscamingue<\/p>\n\n\n\n<p><strong>Dominic Mercier<\/strong>, Conseiller pair b\u00e9n\u00e9voles, Grande r\u00e9gion de Montr\u00e9al et Mont\u00e9r\u00e9gie<\/p>\n\n\n\n<p><strong>Dominic Pich\u00e9<\/strong>, Conseiller pair b\u00e9n\u00e9vole, Abitibi-T\u00e9miscamingue<\/p>\n\n\n\n<h5>R\u00e9seau de la sant\u00e9 et des services sociaux | Milieu de la recherche<\/h5>\n\n\n\n<p><strong>Marjorie Aunos<\/strong>, chercheure, UQAM<\/p>\n\n\n\n<p><strong>Dorothy Barth\u00e9lemy<\/strong>, chercheure, Udem, CRIR, IURDPM<\/p>\n\n\n\n<p><strong>Normand Boucher<\/strong>, chercheur, ULaval, CIRRIS<\/p>\n\n\n\n<p><strong>Julien C\u00f4t\u00e9<\/strong>, infirmier stomath\u00e9rapeute<\/p>\n\n\n\n<p><strong>Catherine Dansereau<\/strong>, physioth\u00e9rapeute, IRGLM<\/p>\n\n\n\n<p><strong>Nancy Dub\u00e9<\/strong>, ergoth\u00e9rapeute, IRGLM<\/p>\n\n\n\n<p><strong>Jos\u00e9e Dubois<\/strong>, ergoth\u00e9rapeute, IRGLM<\/p>\n\n\n\n<p><strong>V\u00e9ronique Girodias<\/strong> (Dre), neuropsychologue, IRGLM<\/p>\n\n\n\n<p><strong>Daniel Jair Gonzales<\/strong>, sexologue, IRGLM<\/p>\n\n\n\n<p><strong>Marion Lack<\/strong>, ergoth\u00e9rapeute, IRGLM<\/p>\n\n\n\n<p><strong>Marie-Eve Lamarche<\/strong>, ergoth\u00e9rapeute, IRGLM<\/p>\n\n\n\n<p><strong>Mia Lapointe<\/strong>, \u00e9tudiante, ULaval, CIRRIS<\/p>\n\n\n\n<p><strong>Jean-Fran\u00e7ois Lemay<\/strong> (Dr), chercheur, IURDPM<\/p>\n\n\n\n<p><strong>Philippe M\u00e9nard<\/strong>, physioth\u00e9rapeute, IRGLM<\/p>\n\n\n\n<p><strong>Andrea Moreau<\/strong>, physioth\u00e9rapeute, IRGLM<\/p>\n\n\n\n<p><strong>Marie Riley-Nobert,<\/strong> ergoth\u00e9rapeute, IRGLM<\/p>\n\n\n\n<p><strong>Florence Sydney<\/strong>, di\u00e9t\u00e9tiste-nutritionniste, IRGLM<\/p>\n\n\n\n<p><strong>Samuel Turcotte<\/strong>, chercheur, ULaval, CIRRIS<\/p>\n\n\n\n<p><strong>Diana Zidarov<\/strong>, chercheure, Udem, CRIR, IURDPM<\/p>\n\n\n\n<h5>Partenaires communautaires<\/h5>\n\n\n\n<p><strong>Centre d\u2019int\u00e9gration \u00e0 la vie active (CIVA)<\/strong><\/p>\n\n\n\n<p><strong>Centre qu\u00e9b\u00e9cois d\u2019entra\u00eenement adapt\u00e9 FSWC Qu\u00e9bec<\/strong><\/p>\n\n\n\n<h5>Soir\u00e9e sur roues<\/h5>\n\n\n\n<p><strong>Association d&#8217;entraide des personnes handicap\u00e9es physiques de Montr\u00e9al (Alpha)<\/strong><\/p>\n\n\n\n<p><strong>Marjorie Aunos<\/strong><\/p>\n\n\n\n<p><strong>Centre de r\u00e9adaptation Lucie-Bruneau (CRLB) du CCSMTL<\/strong><\/p>\n\n\n\n<p><strong>HND service traiteur<\/strong><\/p>\n\n\n\n<p><strong>Lady Rouge &#8211; trio jazz<\/strong><\/p>\n\n\n\n<p><strong>P\u00e9n\u00e9lope McQuade<\/strong><\/p>\n\n\n\n<p><strong>MK2 (audiovisuel)<\/strong><\/p>\n\n\n\n<p><strong>Motion Composites<\/strong><\/p>\n\n\n\n<p><strong>O&#8217;sijja SUP adapt\u00e9<\/strong><\/p>\n\n\n\n<p><strong>Parasports Qu\u00e9bec<\/strong><\/p>\n\n\n\n<p><strong>\u00c9manuelle Robitaille<\/strong><\/p>\n\n\n\n<p><strong>Service des aides techniques du CRLB<\/strong><\/p>\n\n\n\n<p><strong>Sunrise Medical<\/strong><\/p>\n\n\n\n<p><\/p>\n\n\n\n<p><\/p>\n\n\n\n<p><\/p>\n\n\n\n<p><\/p>\n\n\n\n<p><\/p>\n\n\n\n<p><\/p>\n\n\n\n<p><\/p>\n","protected":false},"excerpt":{"rendered":"<p>Les Journ\u00e9es qu\u00e9b\u00e9coises des l\u00e9sions m\u00e9dullaires 2025 sont maintenant termin\u00e9es. Merci \u00e0 l&#8217;ensemble de nos commanditaires, partenaires et collaborateurs-collaboratrices et<\/p>\n","protected":false},"author":7402,"featured_media":0,"parent":0,"menu_order":0,"comment_status":"closed","ping_status":"closed","template":"","meta":{"_monsterinsights_skip_tracking":false,"_monsterinsights_sitenote_active":false,"_monsterinsights_sitenote_note":"","_monsterinsights_sitenote_category":0},"_links":{"self":[{"href":"https:\/\/www.moelleepiniere.com\/en\/wp-json\/wp\/v2\/pages\/17050"}],"collection":[{"href":"https:\/\/www.moelleepiniere.com\/en\/wp-json\/wp\/v2\/pages"}],"about":[{"href":"https:\/\/www.moelleepiniere.com\/en\/wp-json\/wp\/v2\/types\/page"}],"author":[{"embeddable":true,"href":"https:\/\/www.moelleepiniere.com\/en\/wp-json\/wp\/v2\/users\/7402"}],"replies":[{"embeddable":true,"href":"https:\/\/www.moelleepiniere.com\/en\/wp-json\/wp\/v2\/comments?post=17050"}],"version-history":[{"count":26,"href":"https:\/\/www.moelleepiniere.com\/en\/wp-json\/wp\/v2\/pages\/17050\/revisions"}],"predecessor-version":[{"id":18671,"href":"https:\/\/www.moelleepiniere.com\/en\/wp-json\/wp\/v2\/pages\/17050\/revisions\/18671"}],"wp:attachment":[{"href":"https:\/\/www.moelleepiniere.com\/en\/wp-json\/wp\/v2\/media?parent=17050"}],"curies":[{"name":"wp","href":"https:\/\/api.w.org\/{rel}","templated":true}]}}