{"id":16750,"date":"2024-05-08T16:01:29","date_gmt":"2024-05-08T21:01:29","guid":{"rendered":"https:\/\/www.moelleepiniere.com\/?page_id=16750"},"modified":"2026-05-04T13:27:44","modified_gmt":"2026-05-04T18:27:44","slug":"coffre-a-outils","status":"publish","type":"page","link":"https:\/\/www.moelleepiniere.com\/en\/coffre-a-outils\/","title":{"rendered":"Coffre \u00e0 outils"},"content":{"rendered":"\n<p>Vous trouverez ci-dessous de la documentation pertinente pour comprendre l&#8217;importance de respecter les places de stationnement r\u00e9serv\u00e9es. Vous y trouverez aussi du mat\u00e9riel de sensibilisation \u00e0 l&#8217;intention des automobilistes occupant ill\u00e9galement un stationnement r\u00e9serv\u00e9 et des commerces. Vous pouvez imprimer le mat\u00e9riel par vous-m\u00eame ou contacter M\u00c9MO-QC pour obtenir du mat\u00e9riel imprim\u00e9. <\/p>\n\n\n\n<figure class=\"wp-block-embed is-type-video is-provider-youtube wp-block-embed-youtube wp-embed-aspect-16-9 wp-has-aspect-ratio\"><div class=\"wp-block-embed__wrapper\">\n<div class=\"fitvids-video\"><iframe loading=\"lazy\" title=\"Campagne de sensibilisation aux stationnements r\u00e9serv\u00e9s 2026\" width=\"660\" height=\"371\" src=\"https:\/\/www.youtube.com\/embed\/T1bIR5AH5VY?feature=oembed\" frameborder=\"0\" allow=\"accelerometer; autoplay; clipboard-write; encrypted-media; gyroscope; picture-in-picture; web-share\" referrerpolicy=\"strict-origin-when-cross-origin\" allowfullscreen><\/iframe><\/div>\n<\/div><\/figure>\n\n\n\n<h2 class=\"has-text-align-center\">Documentation &nbsp;<\/h2>\n\n\n\n<p>Le m\u00e9moire <em><a href=\"https:\/\/www.moelleepiniere.com\/wp-content\/uploads\/2011\/08\/Stationnement_VF.pdf\" title=\"Personnes handicap\u00e9es et stationnements r\u00e9serv\u00e9s : Probl\u00e9matique et enjeux\">Personnes handicap\u00e9es et stationnements r\u00e9serv\u00e9s : Probl\u00e9matique et enjeux<\/a><\/em> (2010) r\u00e9dig\u00e9 \u00e0 la suite d&#8217;une allocution faite \u00e0 un congr\u00e8s du RIPPH vous permettra d&#8217;en apprendre davantage sur les difficult\u00e9s auxquelles font face les personnes en situation de handicap en lien avec les stationnements r\u00e9serv\u00e9s.<\/p>\n\n\n\n<p>Le court-m\u00e9trage <a href=\"https:\/\/www.youtube.com\/watch?v=VNlan3tV-Cs\" title=\"Juste 2 minutes\">Juste 2 minutes<\/a> (2010) illustre l&#8217;importance des places de stationnement r\u00e9serv\u00e9es pour les personnes en situation de handicap<\/p>\n\n\n\n<p>Le <a href=\"https:\/\/www.moelleepiniere.com\/wp-content\/uploads\/2025\/04\/Cahier-des-revendications-de-MEMO-VF-stat-res.pdf\" title=\"cahier des revendications\">cahier des revendications<\/a> (2017) r\u00e9sume bri\u00e8vement les constats et revendications de M\u00c9MO-QC en mati\u00e8re de stationnements r\u00e9serv\u00e9s.<\/p>\n\n\n\n<p>Le <a href=\"https:\/\/www.youtube.com\/watch?v=T1bIR5AH5VY\" title=\"vid\u00e9o de sensibilisation\">vid\u00e9o de sensibilisation<\/a> (2026) montre les b\u00e9n\u00e9fices des stationnements r\u00e9serv\u00e9s. <\/p>\n\n\n\n<h2 class=\"has-text-align-center\">Mat\u00e9riel de sensibilisation &#8211; Trousse<\/h2>\n\n\n\n<p><\/p>\n\n\n\n<div class=\"wp-block-file\"><object class=\"wp-block-file__embed\" data=\"https:\/\/www.moelleepiniere.com\/wp-content\/uploads\/2026\/04\/Doc-info-patrouilleurs.pdf\" type=\"application\/pdf\" style=\"width:100%;height:600px\" aria-label=\"Contenu embarqu\u00e9 Doc-info-patrouilleurs.\"><\/object><a href=\"https:\/\/www.moelleepiniere.com\/wp-content\/uploads\/2026\/04\/Doc-info-patrouilleurs.pdf\">Doc-info-patrouilleurs<\/a><a href=\"https:\/\/www.moelleepiniere.com\/wp-content\/uploads\/2026\/04\/Doc-info-patrouilleurs.pdf\" class=\"wp-block-file__button\" download>T\u00e9l\u00e9charger<\/a><\/div>\n\n\n\n<div class=\"wp-block-file\"><object class=\"wp-block-file__embed\" data=\"https:\/\/www.moelleepiniere.com\/wp-content\/uploads\/2026\/05\/Affiche-campagne-stationnement-reserve-2026.pdf\" type=\"application\/pdf\" style=\"width:100%;height:600px\" aria-label=\"Contenu embarqu\u00e9 Affiche-campagne-stationnement-reserve-2026.\"><\/object><a href=\"https:\/\/www.moelleepiniere.com\/wp-content\/uploads\/2026\/05\/Affiche-campagne-stationnement-reserve-2026.pdf\">Affiche-campagne-stationnement-reserve-2026<\/a><a href=\"https:\/\/www.moelleepiniere.com\/wp-content\/uploads\/2026\/05\/Affiche-campagne-stationnement-reserve-2026.pdf\" class=\"wp-block-file__button\" download>T\u00e9l\u00e9charger<\/a><\/div>\n\n\n\n<div class=\"wp-block-columns\">\n<div class=\"wp-block-column\">\n<div class=\"wp-block-file\"><object class=\"wp-block-file__embed\" data=\"https:\/\/www.moelleepiniere.com\/wp-content\/uploads\/2026\/04\/2026_Organiser-une-patrouille.pdf\" type=\"application\/pdf\" style=\"width:100%;height:600px\" aria-label=\"Contenu embarqu\u00e9 2026_Organiser-une-patrouille.\"><\/object><a href=\"https:\/\/www.moelleepiniere.com\/wp-content\/uploads\/2026\/04\/2026_Organiser-une-patrouille.pdf\">2026_Organiser-une-patrouille<\/a><a href=\"https:\/\/www.moelleepiniere.com\/wp-content\/uploads\/2026\/04\/2026_Organiser-une-patrouille.pdf\" class=\"wp-block-file__button\" download>T\u00e9l\u00e9charger<\/a><\/div>\n<\/div>\n\n\n\n<div class=\"wp-block-column\">\n<div class=\"wp-block-file\"><object class=\"wp-block-file__embed\" data=\"https:\/\/www.moelleepiniere.com\/wp-content\/uploads\/2026\/04\/2026_Pourquoi-respecter-les-stationnements-reserves.pdf\" type=\"application\/pdf\" style=\"width:100%;height:600px\" aria-label=\"Contenu embarqu\u00e9 2026_Pourquoi-respecter-les-stationnements-reserves.\"><\/object><a href=\"https:\/\/www.moelleepiniere.com\/wp-content\/uploads\/2026\/04\/2026_Pourquoi-respecter-les-stationnements-reserves.pdf\">2026_Pourquoi-respecter-les-stationnements-reserves<\/a><a href=\"https:\/\/www.moelleepiniere.com\/wp-content\/uploads\/2026\/04\/2026_Pourquoi-respecter-les-stationnements-reserves.pdf\" class=\"wp-block-file__button\" download>T\u00e9l\u00e9charger<\/a><\/div>\n\n\n\n<p> <\/p>\n<\/div>\n<\/div>\n\n\n\n<div class=\"wp-block-columns\">\n<div class=\"wp-block-column\">\n<div class=\"wp-block-image\"><figure class=\"aligncenter size-large\"><img loading=\"lazy\" width=\"375\" height=\"500\" src=\"https:\/\/www.moelleepiniere.com\/wp-content\/uploads\/2026\/04\/Contraventiondecivismegeneral-375x500.png\" alt=\"\" class=\"wp-image-19335\" srcset=\"https:\/\/www.moelleepiniere.com\/wp-content\/uploads\/2026\/04\/Contraventiondecivismegeneral-375x500.png 375w, https:\/\/www.moelleepiniere.com\/wp-content\/uploads\/2026\/04\/Contraventiondecivismegeneral-113x150.png 113w, https:\/\/www.moelleepiniere.com\/wp-content\/uploads\/2026\/04\/Contraventiondecivismegeneral-768x1024.png 768w, https:\/\/www.moelleepiniere.com\/wp-content\/uploads\/2026\/04\/Contraventiondecivismegeneral-1152x1536.png 1152w, https:\/\/www.moelleepiniere.com\/wp-content\/uploads\/2026\/04\/Contraventiondecivismegeneral-1536x2048.png 1536w, https:\/\/www.moelleepiniere.com\/wp-content\/uploads\/2026\/04\/Contraventiondecivismegeneral.png 1728w\" sizes=\"(max-width: 375px) 100vw, 375px\" \/><figcaption>Contravention de civisme g\u00e9n\u00e9rale<\/figcaption><\/figure><\/div>\n\n\n\n<p class=\"has-text-align-center\"> <\/p>\n<\/div>\n\n\n\n<div class=\"wp-block-column\">\n<div class=\"wp-block-image is-style-default\"><figure class=\"aligncenter size-large\"><img loading=\"lazy\" width=\"375\" height=\"500\" src=\"https:\/\/www.moelleepiniere.com\/wp-content\/uploads\/2026\/04\/Contraventiondecivisme-375x500.png\" alt=\"\" class=\"wp-image-19336\" srcset=\"https:\/\/www.moelleepiniere.com\/wp-content\/uploads\/2026\/04\/Contraventiondecivisme-375x500.png 375w, https:\/\/www.moelleepiniere.com\/wp-content\/uploads\/2026\/04\/Contraventiondecivisme-113x150.png 113w, https:\/\/www.moelleepiniere.com\/wp-content\/uploads\/2026\/04\/Contraventiondecivisme-768x1024.png 768w, https:\/\/www.moelleepiniere.com\/wp-content\/uploads\/2026\/04\/Contraventiondecivisme-1152x1536.png 1152w, https:\/\/www.moelleepiniere.com\/wp-content\/uploads\/2026\/04\/Contraventiondecivisme-1536x2048.png 1536w, https:\/\/www.moelleepiniere.com\/wp-content\/uploads\/2026\/04\/Contraventiondecivisme.png 1728w\" sizes=\"(max-width: 375px) 100vw, 375px\" \/><figcaption>Contravention de civisme inspir\u00e9e du constat d\u2019infraction de <strong>Montr\u00e9al<\/strong><\/figcaption><\/figure><\/div>\n\n\n\n<p>  <\/p>\n<\/div>\n<\/div>\n\n\n\n<p><\/p>\n\n\n\n<div class=\"wp-block-file\"><object class=\"wp-block-file__embed\" data=\"https:\/\/www.moelleepiniere.com\/wp-content\/uploads\/2026\/04\/Cocardespatrouille-1.pdf\" type=\"application\/pdf\" style=\"width:100%;height:600px\" aria-label=\"Contenu embarqu\u00e9 Cocardespatrouille-1.\"><\/object><a href=\"https:\/\/www.moelleepiniere.com\/wp-content\/uploads\/2026\/04\/Cocardespatrouille-1.pdf\">Cocardespatrouille-1<\/a><a href=\"https:\/\/www.moelleepiniere.com\/wp-content\/uploads\/2026\/04\/Cocardespatrouille-1.pdf\" class=\"wp-block-file__button\" download>T\u00e9l\u00e9charger<\/a><\/div>\n","protected":false},"excerpt":{"rendered":"<p>Vous trouverez ci-dessous de la documentation pertinente pour comprendre l&#8217;importance de respecter les places de stationnement r\u00e9serv\u00e9es. Vous y trouverez<\/p>\n","protected":false},"author":7408,"featured_media":0,"parent":0,"menu_order":0,"comment_status":"closed","ping_status":"closed","template":"","meta":{"_monsterinsights_skip_tracking":false,"_monsterinsights_sitenote_active":false,"_monsterinsights_sitenote_note":"","_monsterinsights_sitenote_category":0},"_links":{"self":[{"href":"https:\/\/www.moelleepiniere.com\/en\/wp-json\/wp\/v2\/pages\/16750"}],"collection":[{"href":"https:\/\/www.moelleepiniere.com\/en\/wp-json\/wp\/v2\/pages"}],"about":[{"href":"https:\/\/www.moelleepiniere.com\/en\/wp-json\/wp\/v2\/types\/page"}],"author":[{"embeddable":true,"href":"https:\/\/www.moelleepiniere.com\/en\/wp-json\/wp\/v2\/users\/7408"}],"replies":[{"embeddable":true,"href":"https:\/\/www.moelleepiniere.com\/en\/wp-json\/wp\/v2\/comments?post=16750"}],"version-history":[{"count":19,"href":"https:\/\/www.moelleepiniere.com\/en\/wp-json\/wp\/v2\/pages\/16750\/revisions"}],"predecessor-version":[{"id":19415,"href":"https:\/\/www.moelleepiniere.com\/en\/wp-json\/wp\/v2\/pages\/16750\/revisions\/19415"}],"wp:attachment":[{"href":"https:\/\/www.moelleepiniere.com\/en\/wp-json\/wp\/v2\/media?parent=16750"}],"curies":[{"name":"wp","href":"https:\/\/api.w.org\/{rel}","templated":true}]}}