{"id":15862,"date":"2023-11-03T15:09:52","date_gmt":"2023-11-03T20:09:52","guid":{"rendered":"https:\/\/www.moelleepiniere.com\/?page_id=15862"},"modified":"2025-05-12T16:12:10","modified_gmt":"2025-05-12T21:12:10","slug":"etienne-mayer","status":"publish","type":"page","link":"https:\/\/www.moelleepiniere.com\/en\/etienne-mayer\/","title":{"rendered":"\u00c9tienne Mayer"},"content":{"rendered":"\n<p>ABITIBI-T\u00c9MISCAMINGUE<\/p>\n\n\n\n<figure class=\"wp-block-image size-large\"><img loading=\"lazy\" width=\"333\" height=\"500\" src=\"https:\/\/www.moelleepiniere.com\/wp-content\/uploads\/2023\/11\/Photo_Etienne_Mayer-1-333x500.jpg\" alt=\"\" class=\"wp-image-15866\" srcset=\"https:\/\/www.moelleepiniere.com\/wp-content\/uploads\/2023\/11\/Photo_Etienne_Mayer-1-333x500.jpg 333w, https:\/\/www.moelleepiniere.com\/wp-content\/uploads\/2023\/11\/Photo_Etienne_Mayer-1-100x150.jpg 100w, https:\/\/www.moelleepiniere.com\/wp-content\/uploads\/2023\/11\/Photo_Etienne_Mayer-1-768x1154.jpg 768w, https:\/\/www.moelleepiniere.com\/wp-content\/uploads\/2023\/11\/Photo_Etienne_Mayer-1-1022x1536.jpg 1022w, https:\/\/www.moelleepiniere.com\/wp-content\/uploads\/2023\/11\/Photo_Etienne_Mayer-1-1363x2048.jpg 1363w, https:\/\/www.moelleepiniere.com\/wp-content\/uploads\/2023\/11\/Photo_Etienne_Mayer-1-scaled.jpg 1703w\" sizes=\"(max-width: 333px) 100vw, 333px\" \/><\/figure>\n\n\n\n<p><strong>T\u00e9l\u00e9phone&nbsp;: 819&nbsp;629-8079<\/strong><\/p>\n\n\n\n<p><strong>Courriel&nbsp;:<\/strong>&nbsp;<a href=\"mailto:mayer.etienne26@gmail.com\">mayer.etienne26@gmail.com<\/a> &nbsp;<\/p>\n\n\n\n<p><strong>Ville\u00a0:<\/strong>\u00a0Rouyn-Noranda<\/p>\n\n\n\n<p><strong>Handicap&nbsp;<\/strong><\/p>\n\n\n\n<p>T\u00e9trapl\u00e9gique incomplet au niveau de la vert\u00e8bre C6 depuis le 27 juin 2020, \u00e0 la suite d\u2019un accident de plongeon au bout d&#8217;un quai.&nbsp;<\/p>\n\n\n\n<p><strong>Biographie<\/strong><\/p>\n\n\n\n<p>\u00c9tienne \u00e9tait, et est toujours, une boule d&#8217;\u00e9nergie qui a de la difficult\u00e9 \u00e0 rester en place. Il adore les activit\u00e9s ext\u00e9rieures, surtout en nature. Il travaillait auparavant comme m\u00e9canicien dans les mines du Nord du Qu\u00e9bec. Suite \u00e0 son accident, il s&#8217;est trouv\u00e9 une passion pour les imprimantes 3D. Cela lui permet de pouvoir s&#8217;occuper dans ses temps libres et de pouvoir adapter toutes sortes d&#8217;objets afin de rendre son quotidien plus facile.&nbsp;<\/p>\n\n\n\n<p><strong>Int\u00e9r\u00eats, passions et passe-temps<\/strong><\/p>\n\n\n\n<p>\u00c9tienne affectionne particuli\u00e8rement la chasse et la p\u00eache et ce n&#8217;est pas son handicap qui l&#8217;emp\u00eache de faire toutes ces activit\u00e9s! Beau temps, mauvais temps, il n&#8217;h\u00e9site surtout pas \u00e0 sortir son TrackZ afin de parcourir des kilom\u00e8tres les cheveux dans le vent, toujours \u00e0 repousser ses limites et \u00e0 explorer toutes les possibilit\u00e9s qui lui sont offertes. Il n&#8217;abandonne jamais et croque dans la vie \u00e0 pleines dents malgr\u00e9 les emb\u00fbches du quotidien, qui peuvent arriver.&nbsp;<\/p>\n\n\n\n<p><strong>Motivation \u00e0 \u00eatre CPB:<\/strong>&nbsp;<\/p>\n\n\n\n<p>\u00c9tienne a r\u00e9alis\u00e9 que le simple fait de vivre sa vie \u00e0 fond malgr\u00e9 son handicap pouvait lui apporter autant de bien \u00e0 lui qu\u2019aux gens qui l&#8217;entourent. Il a tout de suite voulu s&#8217;investir dans une cause o\u00f9 il pourrait vraiment soutenir et aider directement des gens qui ont besoin d&#8217;un petit coup de pouce suite \u00e0 un accident semblable au sien, afin de pouvoir vivre leur vie pleinement, car malgr\u00e9 tout, la vie continue et elle m\u00e9rite d&#8217;\u00eatre v\u00e9cue \u00e0 fond&#8230; sans restriction!<\/p>\n\n\n\n<p>\u00c9tienne a commenc\u00e9 \u00e0 s&#8217;impliquer comme conseiller pair b\u00e9n\u00e9vole \u00e0 Rouyn-Noranda, en Abitibi. La vie l&#8217;a amen\u00e9 \u00e0 d\u00e9m\u00e9nager dans la r\u00e9gion de Montr\u00e9al, o\u00f9 il vit depuis novembre 2024.<\/p>\n","protected":false},"excerpt":{"rendered":"<p>ABITIBI-T\u00c9MISCAMINGUE T\u00e9l\u00e9phone&nbsp;: 819&nbsp;629-8079 Courriel&nbsp;:&nbsp;mayer.etienne26@gmail.com &nbsp; Ville\u00a0:\u00a0Rouyn-Noranda Handicap&nbsp; T\u00e9trapl\u00e9gique incomplet au niveau de la vert\u00e8bre C6 depuis le 27 juin 2020,<\/p>\n","protected":false},"author":7402,"featured_media":0,"parent":0,"menu_order":0,"comment_status":"closed","ping_status":"closed","template":"","meta":{"_monsterinsights_skip_tracking":false,"_monsterinsights_sitenote_active":false,"_monsterinsights_sitenote_note":"","_monsterinsights_sitenote_category":0},"_links":{"self":[{"href":"https:\/\/www.moelleepiniere.com\/en\/wp-json\/wp\/v2\/pages\/15862"}],"collection":[{"href":"https:\/\/www.moelleepiniere.com\/en\/wp-json\/wp\/v2\/pages"}],"about":[{"href":"https:\/\/www.moelleepiniere.com\/en\/wp-json\/wp\/v2\/types\/page"}],"author":[{"embeddable":true,"href":"https:\/\/www.moelleepiniere.com\/en\/wp-json\/wp\/v2\/users\/7402"}],"replies":[{"embeddable":true,"href":"https:\/\/www.moelleepiniere.com\/en\/wp-json\/wp\/v2\/comments?post=15862"}],"version-history":[{"count":7,"href":"https:\/\/www.moelleepiniere.com\/en\/wp-json\/wp\/v2\/pages\/15862\/revisions"}],"predecessor-version":[{"id":18223,"href":"https:\/\/www.moelleepiniere.com\/en\/wp-json\/wp\/v2\/pages\/15862\/revisions\/18223"}],"wp:attachment":[{"href":"https:\/\/www.moelleepiniere.com\/en\/wp-json\/wp\/v2\/media?parent=15862"}],"curies":[{"name":"wp","href":"https:\/\/api.w.org\/{rel}","templated":true}]}}