{"id":1436,"date":"2011-07-29T02:58:01","date_gmt":"2011-07-29T07:58:01","guid":{"rendered":"http:\/\/www.paraquad.qc.ca\/memoqc\/?p=1567"},"modified":"2024-04-22T19:44:18","modified_gmt":"2024-04-23T00:44:18","slug":"communiques-de-presse","status":"publish","type":"page","link":"https:\/\/www.moelleepiniere.com\/en\/our-publication\/communiques-de-presse\/","title":{"rendered":"Press Releases"},"content":{"rendered":"<p><img loading=\"lazy\" class=\"aligncenter size-full wp-image-2152\" title=\"Our publications\" src=\"https:\/\/www.moelleepiniere.com\/wp-content\/uploads\/2011\/06\/Our-publications.jpg\" alt=\"\" width=\"630\" height=\"133\" \/><\/p>\n<h3 style=\"text-align: center;\"><span style=\"font-family: arial;\"><span style=\"text-decoration: underline;\">Press releases<\/span><\/span><\/h3>\n<p><span style=\"font-family: arial;\"><span style=\"text-decoration: underline;\"><br \/>\n<\/span><\/span><\/p>\n<h1 class=\"entry-title\"><span style=\"font-size: 18pt;\">A second financial assistance program for people living with a spinal cord injury<\/span><\/h1>\n<p>RELEASE<\/p>\n<p>Montreal, January 25th, 2018 \u2013 MEMO-Qc is glad to\u00a0announce the creation of the Fonds 33, implemented as a result of a collaboration between the Fondation MEMO-Qc and the Fondation 33. The Fonds 33 offers financial support to improve the quality of life of people living with a spinal cord injury.<\/p>\n<p>Walter Zelaya, Executive Director of MEMO-Qc, thanks Maxime Girard, Executive Director of Fondation 33, for the realization of this $ 75,000 partnership over three years to financially support people with a spinal cord injury who are dealing with financial stresses as a result of their injury. This fund is the second financial assistance program launched by the Fondation MEMO-Qc since the fall. The first program supports clients with a spinal cord injury with a financial support of up to $ 1,000 and applications can be submitted throughout the year. The Fonds 33, meanwhile, offers\u00a0a larger financial aid of up to $ 5,000.<\/p>\n<p>The fund aims to promote the improvement of the quality of life, autonomy, social integration, to give respite to the person concerned as well as his\/her entourage and allow access to services or care that are not covered or which are not accessible for different reasons.<\/p>\n<p>Fonds 33 will support MEMO-Qc members in their health, social services, recreation and education needs. Financial support can help cover the costs of home adaptations, the purchase of specialized equipment, access to a resource or health specialist, the purchase of tickets for cultural or sport activities, or a\u00a0trip for a caregiver, an attendant or the costs of training.<\/p>\n<p>All applications must be completed between February 1st and February 28th, 2018. Applications will be analyzed during the month of March and a written response will be given to the applicants during the month of April.<\/p>\n<p>For eligibility criteria and to access the Fonds 33 form, visit\u00a0<a href=\"https:\/\/www.moelleepiniere.com\/fonds-33\">https:\/\/www.moelleepiniere.com\/fonds-33<\/a>. For more information on Fonds 33, please contact Rita Hanitramalala at 514 341-7272 ext. 227, 1 877 341-7272 ext. 227, or by email at\u00a0<a href=\"mailto:fondation@moelleepiniere.com\">fondation@moelleepiniere.com<\/a>. To learn more about Foundation 33, visit its website\u00a0<a href=\"https:\/\/www.fondation33.com\/\">https:\/\/www.fondation33.com<\/a>.<\/p>\n<p>-30-<br \/>\nSource: Dominic Dagenais, Communications Officer<br \/>\n514-341-7272 ext. 229<br \/>\n<a href=\"mailto:ddagenais@moelleepinie.com\">ddagenais@moelleepinie.com<\/a><\/p>\n<p>&nbsp;<\/p>\n<h1 class=\"entry-title\"><span style=\"font-size: 18pt;\">New Spinal Injured Member Support Program<\/span><\/h1>\n<p>RELEASE<\/p>\n<p>Montreal, October 18th, 2017 \u2013 Fondation Moelle \u00e9pini\u00e8re et\u00a0motricit\u00e9 Qu\u00e9bec is pleased to announce the creation of the Spinal Injured Member Support Program, which aims to help members of M\u00c9MO-Qc with spinal cord injury and their families.<\/p>\n<p>Indeed, this program is aimed at people who have difficulty meeting a significant and non-recurring need, which is not covered, or only partially covered, by paying agents or government institutions. The Foundation\u2019s support can reach up to $ 1,000. Each request will be treated confidentially.<\/p>\n<p>Through its foundation, MEMO-Qc\u2019s management and board of directors want to support in a timely and concrete way individuals who in the current context face financially difficult situations because of their condition of people living with spinal cord injury.<\/p>\n<p>To find out the eligibility criteria and to access the support application form, please visit\u00a0<a href=\"https:\/\/www.moelleepiniere.com\/programme-de-soutien\">https:\/\/www.moelleepiniere.com\/programme-de-soutien<\/a>. For more information, please contact Rita Hanitramalala at 514 341-7272 ext. 227, 1-877-341-7272 ext. 227, or by email at\u00a0<a href=\"mailto:fondation@moelleepiniere.com\">fondation@moelleepiniere.com<\/a>.<\/p>\n<p>\u2013 30 \u2013<\/p>\n<p>Source\u00a0: Dominic Dagenais,\u00a0Communications Officer<br \/>\n514\u00a0341-7272 \u00a0ext. 229<br \/>\n<a href=\"mailto:ddagenais@moelleepiniere.com\">ddagenais@moelleepiniere.com<\/a><\/p>","protected":false},"excerpt":{"rendered":"<p>Press releases A second financial assistance program for people living with a spinal cord injury RELEASE Montreal, January 25th, 2018<\/p>\n","protected":false},"author":1,"featured_media":0,"parent":71,"menu_order":3,"comment_status":"closed","ping_status":"closed","template":"","meta":{"_monsterinsights_skip_tracking":false,"_monsterinsights_sitenote_active":false,"_monsterinsights_sitenote_note":"","_monsterinsights_sitenote_category":0},"_links":{"self":[{"href":"https:\/\/www.moelleepiniere.com\/en\/wp-json\/wp\/v2\/pages\/1436"}],"collection":[{"href":"https:\/\/www.moelleepiniere.com\/en\/wp-json\/wp\/v2\/pages"}],"about":[{"href":"https:\/\/www.moelleepiniere.com\/en\/wp-json\/wp\/v2\/types\/page"}],"author":[{"embeddable":true,"href":"https:\/\/www.moelleepiniere.com\/en\/wp-json\/wp\/v2\/users\/1"}],"replies":[{"embeddable":true,"href":"https:\/\/www.moelleepiniere.com\/en\/wp-json\/wp\/v2\/comments?post=1436"}],"version-history":[{"count":37,"href":"https:\/\/www.moelleepiniere.com\/en\/wp-json\/wp\/v2\/pages\/1436\/revisions"}],"predecessor-version":[{"id":16681,"href":"https:\/\/www.moelleepiniere.com\/en\/wp-json\/wp\/v2\/pages\/1436\/revisions\/16681"}],"up":[{"embeddable":true,"href":"https:\/\/www.moelleepiniere.com\/en\/wp-json\/wp\/v2\/pages\/71"}],"wp:attachment":[{"href":"https:\/\/www.moelleepiniere.com\/en\/wp-json\/wp\/v2\/media?parent=1436"}],"curies":[{"name":"wp","href":"https:\/\/api.w.org\/{rel}","templated":true}]}}