{"id":1424,"date":"2011-07-29T02:38:02","date_gmt":"2011-07-29T07:38:02","guid":{"rendered":"http:\/\/www.paraquad.qc.ca\/memoqc\/?p=1567"},"modified":"2024-04-05T07:43:28","modified_gmt":"2024-04-05T12:43:28","slug":"concertation","status":"publish","type":"page","link":"https:\/\/www.moelleepiniere.com\/en\/our-services\/scientific-research\/concertation\/","title":{"rendered":"Consultation"},"content":{"rendered":"<p><img loading=\"lazy\" class=\"aligncenter size-full wp-image-2103\" title=\"Our services\" src=\"https:\/\/www.moelleepiniere.com\/wp-content\/uploads\/2011\/02\/Our-services.jpg\" alt=\"\" width=\"600\" height=\"133\" \/><\/p>\n<h3 style=\"text-align: center;\">Consultation<\/h3>\n<p>MEMO-Qc assure la coordination et le secr\u00e9tariat du Comit\u00e9 Qu\u00e9bec Solutions. Form\u00e9, \u00e0 la demande de l\u2019Institut Rick Hansen, de repr\u00e9sentants de centres de r\u00e9adaptation, de la recherche, des fondations et du milieu associatif, il travaille \u00e0 trouver des solutions structurantes aux probl\u00e9matiques v\u00e9cues par les bless\u00e9s m\u00e9dullaires. Chaque ann\u00e9e, ils s\u2019affairent \u00e0 rep\u00e9rer, financer et faciliter des projets qui r\u00e9pondent aux besoins prioritaires des bless\u00e9s m\u00e9dullaires. Ces projets ont \u00e9t\u00e9 financ\u00e9s gr\u00e2ce \u00e0 l\u2019argent amass\u00e9 lors de l\u2019\u00e9v\u00e9nement Rick Hansen \u00ab Rouler vers Demain \u00bb ainsi que par la Fondation Moelle \u00e9pini\u00e8re et motricit\u00e9 Qu\u00e9bec. Voici les quatre projets qui ont \u00e9t\u00e9 choisis par le comit\u00e9 en 2010-2011. MEMO-Qc is responsible for the coordination and the secretariat of the Quebec Solutions Comittee. Formed at the request of the Rick Hansen Institute, representatives of rehabilitation centers, research, foundations and associations, it works to find solutions to structural problems experienced by people with SCI. Every year they are working to identify, fund and facilitate projects that meet the priorities and needs of people with SCI. These projects were funded with money raised fromthe Rick Hansen &#8220;Wheels In Motion&#8221; event and by the Fondation Moelle \u00e9pini\u00e8re et motricit\u00e9 Qu\u00e9bec. These four projects were selected by the committee in 2010-2011.<\/p>\n<ul>\n<li>A competitive adapted sailing team (<a href=\"https:\/\/www.aqva.org\/fr\/\">AQVA<\/a>)<\/li>\n<li>Rouler sans fronti\u00e8re (Chris Kennedy) (http:\/\/www.worldonwheels.ca\/fr\/)<\/li>\n<li>Assessment and specific training for people with spinal cord injury (<a href=\"https:\/\/www.viomax.ca\/\">Centre Viomax<\/a>)<\/li>\n<li>Body Atypical \/ Deborah Dunn project \/ internship CRLB (<a href=\"https:\/\/corpusculedanse.com\/\">Corpuscule Danse<\/a>)<\/li>\n<\/ul>\n<p>In 2010-2011, the committee focused its work on a funding request to be submitted shortly to the Government of Quebec, so that it supports the structuring initiatives related to research, the return to the community and improving the quality of life of people with spinal cord injuries.<\/p>\n<p><strong> 2010 Menbers List:<\/strong><\/p>\n<ul>\n<li>Line Beauregard, a researcher at the Centre for Interdisciplinary Research in Rehabilitation and Social Integration, Associate Professor at Laval University<\/li>\n<li>Mario C\u00f4t\u00e9, partner, consultant and trainer, DOF Network<\/li>\n<li>Richard DeCourcy, Locomotor program director, Lucie Bruneau Rehabilitation Centre<\/li>\n<li>Marc Antoine Ducharme, general manager of the AQSFR<\/li>\n<li>C\u00e9cile Le Fustec, events coordinator, Quebec Solutions comittee, MEMO-Qc<\/li>\n<li>Sylvie Nadeau, a professor in the School of Rehabilitation, Universit\u00e9 de Montr\u00e9al<\/li>\n<li>Normand Newberry, ambassador of the Rick Hansen Foundation<\/li>\n<li>Luc Noreau, Professor, Department of Rehabilitation, Universit\u00e9 Laval<\/li>\n<li>Alexandre Poce, director of finance and development, MEMO-Qc<\/li>\n<li>Claire Savage, ambassador of the Rick Hansen Foundation<\/li>\n<li>Catherine Truchon, program manager of myelopathy and multiple sclerosis and neuromuscular diseases programs, IRDPQ<\/li>\n<li>Walter Zelaya, General Manager, MEMO-Qc<\/li>\n<\/ul>\n<p><\/p>","protected":false},"excerpt":{"rendered":"<p>Consultation MEMO-Qc assure la coordination et le secr\u00e9tariat du Comit\u00e9 Qu\u00e9bec Solutions. Form\u00e9, \u00e0 la demande de l\u2019Institut Rick Hansen,<\/p>\n","protected":false},"author":1,"featured_media":0,"parent":67,"menu_order":3,"comment_status":"closed","ping_status":"closed","template":"","meta":{"_monsterinsights_skip_tracking":false,"_monsterinsights_sitenote_active":false,"_monsterinsights_sitenote_note":"","_monsterinsights_sitenote_category":0},"_links":{"self":[{"href":"https:\/\/www.moelleepiniere.com\/en\/wp-json\/wp\/v2\/pages\/1424"}],"collection":[{"href":"https:\/\/www.moelleepiniere.com\/en\/wp-json\/wp\/v2\/pages"}],"about":[{"href":"https:\/\/www.moelleepiniere.com\/en\/wp-json\/wp\/v2\/types\/page"}],"author":[{"embeddable":true,"href":"https:\/\/www.moelleepiniere.com\/en\/wp-json\/wp\/v2\/users\/1"}],"replies":[{"embeddable":true,"href":"https:\/\/www.moelleepiniere.com\/en\/wp-json\/wp\/v2\/comments?post=1424"}],"version-history":[{"count":16,"href":"https:\/\/www.moelleepiniere.com\/en\/wp-json\/wp\/v2\/pages\/1424\/revisions"}],"predecessor-version":[{"id":16613,"href":"https:\/\/www.moelleepiniere.com\/en\/wp-json\/wp\/v2\/pages\/1424\/revisions\/16613"}],"up":[{"embeddable":true,"href":"https:\/\/www.moelleepiniere.com\/en\/wp-json\/wp\/v2\/pages\/67"}],"wp:attachment":[{"href":"https:\/\/www.moelleepiniere.com\/en\/wp-json\/wp\/v2\/media?parent=1424"}],"curies":[{"name":"wp","href":"https:\/\/api.w.org\/{rel}","templated":true}]}}