{"id":13660,"date":"2022-07-21T06:57:08","date_gmt":"2022-07-21T11:57:08","guid":{"rendered":"https:\/\/www.moelleepiniere.com\/?page_id=13660"},"modified":"2022-09-07T16:25:56","modified_gmt":"2022-09-07T21:25:56","slug":"coddpsh","status":"publish","type":"page","link":"https:\/\/www.moelleepiniere.com\/en\/coddpsh\/","title":{"rendered":"Collectif d&#8217;organismes pour la d\u00e9fense des droits des personnes en situation de handicap &#8220;CODDPSH&#8221;"},"content":{"rendered":"\n<p><strong>Qui sommes-nous : <\/strong><\/p>\n\n\n\n<p>Le Collectif d&#8217;organismes pour la d\u00e9fense des droits des personnes en situation de handicap (CODDPSH) rassemble 11 organismes, \u0153uvrant dans une perspective intersectionnelle et ayant une approche \u00e9galitaire. Nous militons pour l\u2019inclusion pleine et enti\u00e8re des personnes en situation de handicap au sein de la soci\u00e9t\u00e9 qu\u00e9b\u00e9coise.<\/p>\n\n\n\n<h2>Publications: <\/h2>\n\n\n<p><a href=\"http:\/\/www.moelleepiniere.com\/wp-content\/uploads\/2022\/09\/Plateforme-de-revendications-CODDPSH_elections-2022.pdf\">Plateforme de revendications CODDPSH_\u00e9lections 2022<\/a><\/p>\n<p style=\"margin: 0cm; margin-bottom: .0001pt;\">La campagne \u00e9lectorale de 2022 porte sur une pluralit\u00e9 d&#8217;enjeux, mais les discussions font abstraction des besoins de 33% de l&#8217;\u00e9lectorat qu\u00e9b\u00e9cois, soit ceux des personnes ayant une ou des limitations fonctionnelles. Pour mettre en lumi\u00e8re les besoins sp\u00e9cifiques aux personnes en situation de handicap, le CODDPSH a \u00e9labor\u00e9 une plateforme rassemblant 31 revendications. Nous esp\u00e9rons que cet outil sera partag\u00e9 pour questionner les diff\u00e9rents partis aux \u00e9lections quant aux solutions propos\u00e9es aux probl\u00e9matiques all\u00e9gu\u00e9es.<\/p>\n<p style=\"margin: 0cm; margin-bottom: .0001pt;\"><strong>**\u00c0 noter : Ce document est \u00e9galement accessible sur demande en m\u00e9dia adapt\u00e9.\u00a0 <\/strong><\/p>\n<p style=\"margin: 0cm; margin-bottom: .0001pt;\">2022<\/p>\n<p>\u00a0<\/p>","protected":false},"excerpt":{"rendered":"<p>Qui sommes-nous : Le Collectif d&#8217;organismes pour la d\u00e9fense des droits des personnes en situation de handicap (CODDPSH) rassemble 11<\/p>\n","protected":false},"author":1,"featured_media":0,"parent":0,"menu_order":0,"comment_status":"closed","ping_status":"closed","template":"","meta":{"_monsterinsights_skip_tracking":false,"_monsterinsights_sitenote_active":false,"_monsterinsights_sitenote_note":"","_monsterinsights_sitenote_category":0},"_links":{"self":[{"href":"https:\/\/www.moelleepiniere.com\/en\/wp-json\/wp\/v2\/pages\/13660"}],"collection":[{"href":"https:\/\/www.moelleepiniere.com\/en\/wp-json\/wp\/v2\/pages"}],"about":[{"href":"https:\/\/www.moelleepiniere.com\/en\/wp-json\/wp\/v2\/types\/page"}],"author":[{"embeddable":true,"href":"https:\/\/www.moelleepiniere.com\/en\/wp-json\/wp\/v2\/users\/1"}],"replies":[{"embeddable":true,"href":"https:\/\/www.moelleepiniere.com\/en\/wp-json\/wp\/v2\/comments?post=13660"}],"version-history":[{"count":8,"href":"https:\/\/www.moelleepiniere.com\/en\/wp-json\/wp\/v2\/pages\/13660\/revisions"}],"predecessor-version":[{"id":13842,"href":"https:\/\/www.moelleepiniere.com\/en\/wp-json\/wp\/v2\/pages\/13660\/revisions\/13842"}],"wp:attachment":[{"href":"https:\/\/www.moelleepiniere.com\/en\/wp-json\/wp\/v2\/media?parent=13660"}],"curies":[{"name":"wp","href":"https:\/\/api.w.org\/{rel}","templated":true}]}}