{"id":11425,"date":"2021-01-26T16:11:53","date_gmt":"2021-01-26T21:11:53","guid":{"rendered":"http:\/\/www.moelleepiniere.com\/?page_id=11425"},"modified":"2021-02-11T11:15:54","modified_gmt":"2021-02-11T16:15:54","slug":"martin-richer","status":"publish","type":"page","link":"https:\/\/www.moelleepiniere.com\/en\/martin-richer\/","title":{"rendered":"Martin Richer"},"content":{"rendered":"\n<p><strong>LAURENTIDES<\/strong><\/p>\n\n\n\n<div class=\"wp-block-image\"><figure class=\"alignleft is-resized\"><img loading=\"lazy\" src=\"https:\/\/www.moelleepiniere.com\/wp-content\/uploads\/2021\/01\/Photo-Martin-Richer-500x491.jpg\" alt=\"\" class=\"wp-image-11426\" width=\"299\" height=\"294\" srcset=\"https:\/\/www.moelleepiniere.com\/wp-content\/uploads\/2021\/01\/Photo-Martin-Richer-500x491.jpg 500w, https:\/\/www.moelleepiniere.com\/wp-content\/uploads\/2021\/01\/Photo-Martin-Richer-153x150.jpg 153w, https:\/\/www.moelleepiniere.com\/wp-content\/uploads\/2021\/01\/Photo-Martin-Richer-50x50.jpg 50w, https:\/\/www.moelleepiniere.com\/wp-content\/uploads\/2021\/01\/Photo-Martin-Richer-45x45.jpg 45w, https:\/\/www.moelleepiniere.com\/wp-content\/uploads\/2021\/01\/Photo-Martin-Richer.jpg 502w\" sizes=\"(max-width: 299px) 100vw, 299px\" \/><\/figure><\/div>\n\n\n\n<p>&#x25fd;<\/p>\n\n\n\n<p>&#x25fd;<\/p>\n\n\n\n<p>&#x25fd;<\/p>\n\n\n\n<p>&#x25fd;<\/p>\n\n\n\n<p>&#x25fd;<\/p>\n\n\n\n<p>&#x25fd;<\/p>\n\n\n\n<p>&#x25fd;<\/p>\n\n\n\n<p>&#x25fd;<\/p>\n\n\n\n<hr class=\"wp-block-separator\"\/>\n\n\n\n<p id=\"block-f1696ea7-3808-4eb6-a118-ecb5df7eca09\"><strong>Courriel&nbsp;:<\/strong>&nbsp;<a href=\"mailto:richer.martin@icloud.com\">richer.martin@icloud.com<\/a><\/p>\n\n\n\n<p id=\"block-354b9cd6-a505-4cd5-a2cf-e5c0ee42bde8\"><strong>Ville&nbsp;:<\/strong>&nbsp;Oka<\/p>\n\n\n\n<p id=\"block-34e99736-5037-4494-b24e-f63f93e0e291\"><strong>Handicap&nbsp;<\/strong><\/p>\n\n\n\n<p id=\"block-34bab3a4-94e4-4396-8172-9d79997c46b8\">T\u00e9trapl\u00e9gique incomplet (c4-c5) depuis 1990 suite \u00e0 un accident de plongeon au Parc d\u2019Oka \u00e0 l\u2019\u00e2ge de 21 ans.<\/p>\n\n\n\n<p id=\"block-47034493-2d2f-49e6-a260-13002ccb57f6\"><strong>Biographie<\/strong><\/p>\n\n\n\n<p id=\"block-1f128132-bfe8-4d45-860b-9b949ff10c35\">Martin est aujourd\u2019hui dans la cinquantaine. Il est en couple depuis 2005 avec sa conjointe et il s\u2019est mari\u00e9 en 2012. Il n\u2019a pas d\u2019enfant. Il travaille depuis plus de 20 ans pour sa municipalit\u00e9 comme surveillant de plateau pour le service des loisirs. \u00c9b\u00e9niste de formation, il a d\u00fb se r\u00e9orienter puisque la motricit\u00e9 de ses mains ne lui permettait plus d\u2019exercer son m\u00e9tier. Quelques mois apr\u00e8s son accident, un conseiller en int\u00e9gration t\u00e9trapl\u00e9gique de l\u2019APQ l\u2019a rencontr\u00e9 pour lui montrer tout ce qu\u2019il \u00e9tait encore possible de faire, notamment conduire une voiture. Avoir son permis de conduire et avoir son v\u00e9hicule adapt\u00e9 repr\u00e9sentaient pour lui un sentiment de libert\u00e9 et d\u2019autonomie, ce qui l\u2019a grandement aid\u00e9 \u00e0 surmonter ses difficult\u00e9s. Martin a pu et peut encore compter sur le soutien de sa famille et de ses amis, des personnes tellement importantes lorsqu\u2019un \u00e9v\u00e9nement majeur survient dans une vie.<\/p>\n\n\n\n<p id=\"block-c55c09ca-8efe-4e97-a379-fe32cd8ac809\"><strong>Int\u00e9r\u00eats, passions et passe-temps<\/strong><\/p>\n\n\n\n<p id=\"block-04078c7d-c76b-4b74-9eff-585d6962d661\">Martin est un passionn\u00e9 de voyages en croisi\u00e8re. Sa saison pr\u00e9f\u00e9r\u00e9e \u00e9tant l\u2019\u00e9t\u00e9, il profite des journ\u00e9es cl\u00e9mentes pour savourer un repas sur le barbecue et terminer la soir\u00e9e avec un joli feu de camp. Il est aussi un grand fan de sports t\u00e9l\u00e9vis\u00e9s, son \u00e9quipe favorite \u00e9tant les Canadiens de Montr\u00e9al. Martin a \u00e9galement \u00e9t\u00e9 b\u00e9n\u00e9vole \u00e0 l\u2019\u00e9cole de sa conjointe en tant que pr\u00e9pos\u00e9 \u00e0 la biblioth\u00e8que, accompagnateur pour l\u2019apprentissage de la lecture et animateur d\u2019ateliers de sciences. Depuis 6 ans, Martin est \u00e9galement certifi\u00e9 comme secouriste en milieu de travail&nbsp;; il est d\u2019ailleurs l\u2019une des seules personnes t\u00e9trapl\u00e9giques certifi\u00e9es au Qu\u00e9bec. Il aime aussi les projets de r\u00e9novations, cherchant toujours \u00e0 am\u00e9liorer l\u2019accessibilit\u00e9 de son domicile. De fa\u00e7on g\u00e9n\u00e9rale, Martin aime apprendre de nouvelles choses et relever de nouveaux d\u00e9fis.<\/p>\n\n\n\n<p id=\"block-468afcf0-b9b3-4d07-a4ff-ad2793bc0e7a\"><strong>Motivations \u00e0 \u00eatre CPB<\/strong><\/p>\n\n\n\n<p id=\"block-1ce4ed69-eea3-4a3d-a17a-1d6d851baad2\">Apr\u00e8s 30 ans d\u2019anciennet\u00e9 en fauteuil roulant, Martin d\u00e9sire partager son exp\u00e9rience avec d\u2019autres bless\u00e9s m\u00e9dullaires ainsi qu\u2019avec leurs proches. Sa vision de la vie a toujours \u00e9t\u00e9 la suivante\u00a0: \u201cSi je ne peux changer la situation, que puis-je encore accomplir \u00e0 partir de maintenant?\u201d. Cette fa\u00e7on de toujours voir le verre \u00e0 moiti\u00e9 plein lui a permis de s\u2019accomplir en tant que personne. Il a \u00e9t\u00e9 administrateur au sein du regroupement des usagers du transport adapt\u00e9 (RUTA) de sa r\u00e9gion, ce qui lui a donn\u00e9 la piq\u00fbre de l\u2019implication. Il d\u00e9sire maintenant mettre \u00e0 profit son bagage d\u2019exp\u00e9riences en accompagnant d\u2019autres personnes ayant un handicap physique, que ce soit pour conseiller, guider ou simplement \u00e9couter.<\/p>\n","protected":false},"excerpt":{"rendered":"<p>LAURENTIDES &#x25fd; &#x25fd; &#x25fd; &#x25fd; &#x25fd; &#x25fd; &#x25fd; &#x25fd; Courriel&nbsp;:&nbsp;richer.martin@icloud.com Ville&nbsp;:&nbsp;Oka Handicap&nbsp; T\u00e9trapl\u00e9gique incomplet (c4-c5) depuis 1990 suite \u00e0 un<\/p>\n","protected":false},"author":7402,"featured_media":0,"parent":0,"menu_order":0,"comment_status":"closed","ping_status":"closed","template":"","meta":{"_monsterinsights_skip_tracking":false,"_monsterinsights_sitenote_active":false,"_monsterinsights_sitenote_note":"","_monsterinsights_sitenote_category":0},"_links":{"self":[{"href":"https:\/\/www.moelleepiniere.com\/en\/wp-json\/wp\/v2\/pages\/11425"}],"collection":[{"href":"https:\/\/www.moelleepiniere.com\/en\/wp-json\/wp\/v2\/pages"}],"about":[{"href":"https:\/\/www.moelleepiniere.com\/en\/wp-json\/wp\/v2\/types\/page"}],"author":[{"embeddable":true,"href":"https:\/\/www.moelleepiniere.com\/en\/wp-json\/wp\/v2\/users\/7402"}],"replies":[{"embeddable":true,"href":"https:\/\/www.moelleepiniere.com\/en\/wp-json\/wp\/v2\/comments?post=11425"}],"version-history":[{"count":16,"href":"https:\/\/www.moelleepiniere.com\/en\/wp-json\/wp\/v2\/pages\/11425\/revisions"}],"predecessor-version":[{"id":11524,"href":"https:\/\/www.moelleepiniere.com\/en\/wp-json\/wp\/v2\/pages\/11425\/revisions\/11524"}],"wp:attachment":[{"href":"https:\/\/www.moelleepiniere.com\/en\/wp-json\/wp\/v2\/media?parent=11425"}],"curies":[{"name":"wp","href":"https:\/\/api.w.org\/{rel}","templated":true}]}}